{"id":4043,"date":"2017-09-21T16:46:01","date_gmt":"2017-09-21T16:46:01","guid":{"rendered":"http:\/\/eletrorodney.com.br\/site\/?page_id=4043"},"modified":"2017-09-27T13:31:29","modified_gmt":"2017-09-27T13:31:29","slug":"dicas","status":"publish","type":"page","link":"https:\/\/eletrorodney.com.br\/site\/dicas\/","title":{"rendered":"Dicas"},"content":{"rendered":"<p>&nbsp;<\/p>\n<p>Muitos detalhes precisam ser observados na hora de construir uma casa. S\u00e3o tantos itens\u2026 pintura, acabamentos, pisos, revestimentos, instala\u00e7\u00f5es el\u00e9tricas, hidr\u00e1ulicas, esquadrias, janelas, portas, paredes\u2026 ufa!<\/p>\n<h1>El\u00e9trica<\/h1>\n<p dir=\"ltr\"><a href=\"http:\/\/www.casashow.com.br\/eletrica\">Instala\u00e7\u00f5es el\u00e9tricas<\/a> bem conservadas e bem planejadas s\u00e3o fundamentais para garantir a seguran\u00e7a de uma casa e o bem-estar de seus moradores. Pensando nisso, listamos algumas dicas para deixar a parte el\u00e9trica de sua resid\u00eancia sempre na mais perfeita ordem. Confira as informa\u00e7\u00f5es que reunimos para te ajudar e evite problemas el\u00e9tricos no seu lar!<\/p>\n<h2>1. Contrate um bom eletricista<\/h2>\n<p dir=\"ltr\">Para come\u00e7o de conversa, contrate um eletricista experiente, pois assim voc\u00ea se assegura de que os procedimentos e instala\u00e7\u00f5es ser\u00e3o feitos da maneira correta. O bom profissional garante seguran\u00e7a desde a utiliza\u00e7\u00e3o dos equipamentos at\u00e9 um simples acender de l\u00e2mpada. Al\u00e9m de contar com um eletricista de confian\u00e7a, escolha materiais de qualidade.<\/p>\n<h2>2. Cuidado com a escassez de tomadas e excesso de fios<\/h2>\n<p dir=\"ltr\">Muitas vezes, ap\u00f3s as instala\u00e7\u00f5es completas, o morador se depara com problemas como a escassez de tomadas e o excesso de fios espalhados pelo ch\u00e3o. Evite esse tipo de situa\u00e7\u00e3o, pois a aus\u00eancia de tomadas pode te atrapalhar na hora de ligar os aparelhos. J\u00e1 a fia\u00e7\u00e3o no ch\u00e3o \u00e9 perigosa, pode causar choques e acidentes dom\u00e9sticos, al\u00e9m de atrapalhar a locomo\u00e7\u00e3o dos moradores. Como se n\u00e3o bastasse, os fios sobressalentes atrapalham \u2013 e muito \u2013 a est\u00e9tica do ambiente.<\/p>\n<h2>3. Evite o uso de benjamim e extens\u00e3o<\/h2>\n<p dir=\"ltr\">Especialistas n\u00e3o recomendam a utiliza\u00e7\u00e3o de \u00a0benjamim, o popular \u201cT\u201d. Por ser um objeto condutor de energia el\u00e9trica e ser constitu\u00eddo por componentes pl\u00e1sticos, h\u00e1 o risco do benjamim derreter. Sendo assim, use apenas em \u00faltimo caso. Evite tamb\u00e9m o uso de extens\u00f5es, visto que esses objetos costumam ser fr\u00e1geis e possuem fios longos e finos que podem acabar rompendo, causando acidentes dom\u00e9sticos. Vale lembrar, ainda, que a ocorr\u00eancia de trope\u00e7os em extens\u00f5es \u00e9 muito frequente. Tome cuidado!<\/p>\n<h2><a href=\"http:\/\/blog.casashow.com.br\/6-dicas-evitar-problemas-eletrica-casa\/depositphotos_5139069_s-640x460\/\" rel=\"attachment wp-att-8690\"><img loading=\"lazy\" decoding=\"async\" class=\"aligncenter size-full wp-image-8690 td-animation-stack-type0-2\" src=\"https:\/\/blog.casashow.com.br\/wp-content\/uploads\/2014\/07\/Depositphotos_5139069_s-640x460.jpg\" sizes=\"(max-width: 640px) 100vw, 640px\" srcset=\"https:\/\/blog.casashow.com.br\/wp-content\/uploads\/2014\/07\/Depositphotos_5139069_s-640x460-600x431.jpg 600w, https:\/\/blog.casashow.com.br\/wp-content\/uploads\/2014\/07\/Depositphotos_5139069_s-640x460.jpg 640w\" alt=\"\" width=\"640\" height=\"460\" \/><\/a><\/h2>\n<h2>4. Procure se adequar ao novo padr\u00e3o<\/h2>\n<p dir=\"ltr\">Caso sua resid\u00eancia conte com tomadas antigas e voc\u00ea possua equipamentos novos com plugues de tr\u00eas pinos, contrate um eletricista para instalar novas tomadas. Se voc\u00ea preferir uma interven\u00e7\u00e3o mais b\u00e1sica, compre os famosos filtros de linha para fazer a adapta\u00e7\u00e3o.<\/p>\n<div id=\"casas-1351518615\" class=\"casas-conteudo\"><\/div>\n<h2>5. Preocupe-se com a \u00a0est\u00e9tica do ambiente<\/h2>\n<p dir=\"ltr\">O excesso de fios espalhados pode comprometer a beleza do espa\u00e7o. Uma boa pedida para evitar esse problema \u00e9 enrolar a fia\u00e7\u00e3o e prend\u00ea-la com fitas abra\u00e7adeiras. Vale destacar que essas fitas s\u00e3o encontradas com facilidade em lojas especializadas em material el\u00e9trico ou at\u00e9 mesmo em casas de constru\u00e7\u00e3o. Outra excelente op\u00e7\u00e3o para esconder os fios \u00e9 usar canaletas fixas na parede.<\/p>\n<h2>6. Use filtros de linha para plugar v\u00e1rios aparelhos<\/h2>\n<p dir=\"ltr\">Se voc\u00ea pretende ligar v\u00e1rios aparelhos ao mesmo tempo, use os filtros de linha, tamb\u00e9m conhecidos como r\u00e9guas. Com esses equipamentos, voc\u00ea consegue conectar at\u00e9 quatro aparelhos em uma mesma tomada, de maneira pr\u00e1tica e segura. Cumpre ressaltar que o fus\u00edvel do filtro de linha evita que descargas el\u00e9tricas danifiquem os seus eletrodom\u00e9sticos.<\/p>\n<h2>Dicas extras:<\/h2>\n<ul>\n<li>\n<p dir=\"ltr\">Eletricidade \u00e9 algo que requer muitos cuidados, portanto, nada de tentar resolver problemas el\u00e9tricos sozinho;<\/p>\n<\/li>\n<li>\n<p dir=\"ltr\">Nunca deixe os fios em locais muito baixos: ao limpar a casa, voc\u00ea pode acabar molhando a fia\u00e7\u00e3o;<\/p>\n<\/li>\n<li>\n<p dir=\"ltr\">Est\u00e1 super em alta usar os fios de forma integrada \u00e0 decora\u00e7\u00e3o. Uma boa dica \u00e9 usar a criatividade para fazer desenhos com a fia\u00e7\u00e3o.<\/p>\n<\/li>\n<\/ul>\n<h1>Hidr\u00e1ulica<\/h1>\n<p align=\"center\"><img decoding=\"async\" src=\"http:\/\/www.forumdaconstrucao.com.br\/materias\/imagens\/01780_02.jpg\" \/><\/p>\n<p>Qualquer pessoa \u00e9 capaz de ficar um pouco perdida durante o acompanhamento de uma obra. Um dos fatores que est\u00e3o na lista das necessidades b\u00e1sicas para qualquer resid\u00eancia \u00e9 o quesito hidr\u00e1ulico. Para te ajudar a planejar e escolher os melhores equipamentos para a \u00e1rea, selecionamos 6 dicas \u00e0s quais voc\u00ea deve se atentar durante a constru\u00e7\u00e3o da sua nova casa. Confira!<\/p>\n<h2><b>1. Invista em uma tubula\u00e7\u00e3o resistente<\/b><\/h2>\n<p>Assim como as veias conduzem o sangue no corpo humano, a tubula\u00e7\u00e3o direciona toda a \u00e1gua de uma resid\u00eancia. Este item merece a maior aten\u00e7\u00e3o poss\u00edvel, pois \u00e9 o cora\u00e7\u00e3o da instala\u00e7\u00e3o hidr\u00e1ulica da sua casa.<\/p>\n<p>Ao comprar as pe\u00e7as, procure uma marca com proced\u00eancia e reconhecimento no mercado. Este \u00e9 um item com o qual n\u00e3o vale a pena economizar, j\u00e1 que o preju\u00edzo com infiltra\u00e7\u00f5es e vazamentos ser\u00e1 muito maior do que a diferen\u00e7a que voc\u00ea ir\u00e1 pagar agora.<\/p>\n<p>O profissional respons\u00e1vel pela instala\u00e7\u00e3o tamb\u00e9m deve ter compet\u00eancia e recomenda\u00e7\u00f5es. Com este cuidado, voc\u00ea j\u00e1 garante que boa parte da hidr\u00e1ulica da casa esteja resolvida.<\/p>\n<h2><b>2. Escolha as torneiras certas<\/b><\/h2>\n<p>A escolha das torneiras dos banheiros, cozinha e \u00e1rea de servi\u00e7o \u00e9 um item importante para n\u00e3o ter dor de cabe\u00e7a no futuro. Optar por modelos mais baratos mas com durabilidade e estabilidade menores talvez n\u00e3o compense.<\/p>\n<p>Uma boa torneira deve fechar com facilidade, ser resistente \u00e0 press\u00e3o e ter o fluxo de \u00e1gua adequado para cada fun\u00e7\u00e3o. Investir um pouco mais neste dispositivo reduz a probabilidade de vazamentos e trocas prematuras ap\u00f3s a conclus\u00e3o da obra.<\/p>\n<h2><b>3. Sif\u00e3o ou flex\u00edvel de metal?<\/b><\/h2>\n<p>Toda torneira precisa de um sif\u00e3o ou flex\u00edvel de metal para escoar a \u00e1gua. Qualquer um destes itens atende aos requisitos para uma boa instala\u00e7\u00e3o hidr\u00e1ulica, desde que sejam de qualidade.<\/p>\n<p>Existem no mercado op\u00e7\u00f5es baratas de sif\u00f5es de pl\u00e1stico inferiores, por exemplo, mas que se quebram com facilidade e provocam vazamentos e trabalho para o dono da casa. Por isso, n\u00e3o custa nada perder um tempinho agora, no momento da constru\u00e7\u00e3o, e escolher itens de material resistente e duradouro.<\/p>\n<h2><b>4. Economize nas caixas de descarga<\/b><\/h2>\n<p>Apesar de n\u00e3o ser mais comum nas constru\u00e7\u00f5es novas, \u00e9 importante lembrar que v\u00e1lvulas de descargas fixas nas paredes dos banheiros podem ser as grandes vil\u00e3s da conta de \u00e1gua.<\/p>\n<p>Assim, voc\u00ea deve optar por caixas de descargas, instaladas logo acima do vaso sanit\u00e1rio. Com elas, o controle da quantidade de \u00e1gua \u00e9 maior, pois fica limitado ao volume armazenado na pr\u00f3pria caixa.<\/p>\n<h2><b>5. Observe o caimento do piso<\/b><\/h2>\n<p>Nos ambientes onde houver a instala\u00e7\u00e3o de ralos, como banheiros e \u00e1reas externas, o piso deve ter um leve caimento, de forma que direcione o fluxo da \u00e1gua para o ralo.<\/p>\n<p>Isso evita o ac\u00famulo de \u00e1gua nestes locais, prevenindo infiltra\u00e7\u00f5es no solo que, com o tempo, podem levar a rachaduras e comprometer a estrutura de toda a constru\u00e7\u00e3o. Al\u00e9m disso, investir no caimento do piso facilita a vida de quem ir\u00e1 fazer a limpeza da casa no dia a dia.<\/p>\n<h2><b>6. Solicite uma vistoria sanit\u00e1ria<\/b><\/h2>\n<p>Quando estiver com as instala\u00e7\u00f5es hidr\u00e1ulicas da sua constru\u00e7\u00e3o quase finalizadas, requisite uma visita da empresa respons\u00e1vel pelo fornecimento de \u00e1gua no local para uma vistoria geral.<\/p>\n<p>Pe\u00e7a que verifiquem a exist\u00eancia ou n\u00e3o de vazamentos na rede externa pr\u00f3xima \u00e0 sua casa, solicitando tamb\u00e9m que confiram a press\u00e3o e o fluxo da \u00e1gua e o funcionamento adequado dos registros.<\/p>\n<p>Assim, se eles detectaram alguma inconsist\u00eancia nas instala\u00e7\u00f5es, ainda estar\u00e1 em tempo de sanar o problema, sem comprometer o prazo de entrega da obra.<\/p>\n<p>Com estas dicas em m\u00e3os, voc\u00ea pode at\u00e9 ter mais trabalho ao realizar as instala\u00e7\u00f5es hidr\u00e1ulicas, mas com certeza ir\u00e1 evitar muita dor de cabe\u00e7a no futuro! Por isso, abra o olho na hora de definir estes equipamentos e sua implementa\u00e7\u00e3o na sua nova casa. Ocupe-se agora para ficar tranquilo mais tarde!<\/p>\n<p><b>Fonte:<i>www.blog.tendtudo.com.br<\/i><\/b><\/p>\n<p>&nbsp;<\/p>\n","protected":false},"excerpt":{"rendered":"<p>&nbsp; Muitos detalhes precisam ser observados na hora de construir uma casa. S\u00e3o tantos itens\u2026 pintura, acabamentos, pisos, revestimentos, instala\u00e7\u00f5es el\u00e9tricas, hidr\u00e1ulicas, esquadrias, janelas, portas, paredes\u2026<span class=\"excerpt-hellip\"> [\u2026]<\/span><\/p>\n","protected":false},"author":2,"featured_media":0,"parent":0,"menu_order":0,"comment_status":"closed","ping_status":"closed","template":"","meta":{"om_disable_all_campaigns":false,"footnotes":""},"class_list":["post-4043","page","type-page","status-publish","hentry"],"_links":{"self":[{"href":"https:\/\/eletrorodney.com.br\/site\/wp-json\/wp\/v2\/pages\/4043"}],"collection":[{"href":"https:\/\/eletrorodney.com.br\/site\/wp-json\/wp\/v2\/pages"}],"about":[{"href":"https:\/\/eletrorodney.com.br\/site\/wp-json\/wp\/v2\/types\/page"}],"author":[{"embeddable":true,"href":"https:\/\/eletrorodney.com.br\/site\/wp-json\/wp\/v2\/users\/2"}],"replies":[{"embeddable":true,"href":"https:\/\/eletrorodney.com.br\/site\/wp-json\/wp\/v2\/comments?post=4043"}],"version-history":[{"count":4,"href":"https:\/\/eletrorodney.com.br\/site\/wp-json\/wp\/v2\/pages\/4043\/revisions"}],"predecessor-version":[{"id":4069,"href":"https:\/\/eletrorodney.com.br\/site\/wp-json\/wp\/v2\/pages\/4043\/revisions\/4069"}],"wp:attachment":[{"href":"https:\/\/eletrorodney.com.br\/site\/wp-json\/wp\/v2\/media?parent=4043"}],"curies":[{"name":"wp","href":"https:\/\/api.w.org\/{rel}","templated":true}]}}