{"id":3844,"date":"2017-03-01T11:59:39","date_gmt":"2017-03-01T11:59:39","guid":{"rendered":"http:\/\/eletrorodney.com.br\/site\/?post_type=product&#038;p=3844"},"modified":"2025-07-04T19:30:01","modified_gmt":"2025-07-04T22:30:01","slug":"padrao-residencial","status":"publish","type":"product","link":"https:\/\/eletrorodney.com.br\/site\/produto\/padrao-residencial\/","title":{"rendered":"Padr\u00e3o Residencial"},"content":{"rendered":"<p>Neste modelo de uso, separamos o sistema de chegada de energia el\u00e9trica de acordo com o numero de unidades habitacionais existentes no Projeto El\u00e9trico<\/p>\n","protected":false},"excerpt":{"rendered":"<p>Traga seu Projeto El\u00e9trico que n\u00f3s realizamos.<\/p>\n","protected":false},"featured_media":960,"comment_status":"open","ping_status":"closed","template":"","meta":{"om_disable_all_campaigns":false},"product_cat":[39],"product_tag":[93,92],"class_list":{"0":"post-3844","1":"product","2":"type-product","3":"status-publish","4":"has-post-thumbnail","6":"product_cat-padroes-celg","7":"product_tag-padrao-celg","8":"product_tag-padrao-residencial","10":"first","11":"instock","12":"shipping-taxable","13":"product-type-simple"},"_links":{"self":[{"href":"https:\/\/eletrorodney.com.br\/site\/wp-json\/wp\/v2\/product\/3844"}],"collection":[{"href":"https:\/\/eletrorodney.com.br\/site\/wp-json\/wp\/v2\/product"}],"about":[{"href":"https:\/\/eletrorodney.com.br\/site\/wp-json\/wp\/v2\/types\/product"}],"replies":[{"embeddable":true,"href":"https:\/\/eletrorodney.com.br\/site\/wp-json\/wp\/v2\/comments?post=3844"}],"wp:featuredmedia":[{"embeddable":true,"href":"https:\/\/eletrorodney.com.br\/site\/wp-json\/wp\/v2\/media\/960"}],"wp:attachment":[{"href":"https:\/\/eletrorodney.com.br\/site\/wp-json\/wp\/v2\/media?parent=3844"}],"wp:term":[{"taxonomy":"product_cat","embeddable":true,"href":"https:\/\/eletrorodney.com.br\/site\/wp-json\/wp\/v2\/product_cat?post=3844"},{"taxonomy":"product_tag","embeddable":true,"href":"https:\/\/eletrorodney.com.br\/site\/wp-json\/wp\/v2\/product_tag?post=3844"}],"curies":[{"name":"wp","href":"https:\/\/api.w.org\/{rel}","templated":true}]}}