{"id":3845,"date":"2017-03-01T12:52:32","date_gmt":"2017-03-01T12:52:32","guid":{"rendered":"http:\/\/eletrorodney.com.br\/site\/?post_type=product&#038;p=3845"},"modified":"2017-03-01T12:52:32","modified_gmt":"2017-03-01T12:52:32","slug":"torneira-lavatorio-mesa-liv-deca-1198-c30","status":"publish","type":"product","link":"https:\/\/eletrorodney.com.br\/site\/produto\/torneira-lavatorio-mesa-liv-deca-1198-c30\/","title":{"rendered":"Torneira lavatorio mesa LIV Deca 1198.C30"},"content":{"rendered":"<div id=\"tab-description\" class=\"tab-content product-tabs-content-inner clearfix\">\n<div>\n<h2>Torneira lavatorio mesa LIV Deca 1198.C30<\/h2>\n<p><u><strong>Obs : Esta torneira n\u00e3o pode ser usada para cubas de apoio sem a mesa : Como as cubas L155 ,L55,L68,L1036,L92,L93,L106,L107<\/strong><\/u><\/p>\n<p>Cod fabricante :1198.C30<\/p>\n<p>Cor : Cromada<br \/>\n<strong>O BANHEIRO DOS SEUS SONHOS COME\u00c7A COM DECA LIV<\/strong><\/p>\n<p>Marca : Deca<\/p>\n<p>Acionamento suave com \u00bc de volta;<br \/>\nArejador embutido: economia de \u00e1gua aliada ao design;<br \/>\nProduto com sistema de fixa\u00e7\u00e3o de volante inovador, sem parafuso ou tampa, sem reentr\u00e2ncias ou ac\u00famulo de sujeira;<br \/>\nLinha completa, permite liberdade de escolha: torneiras e misturadores para banheiro;<\/p>\n<\/div>\n<\/div>\n","protected":false},"excerpt":{"rendered":"<p>Fabricante: Deca<br \/>\nModelo: 1198.C30<\/p>\n","protected":false},"featured_media":3847,"comment_status":"open","ping_status":"closed","template":"","meta":{"om_disable_all_campaigns":false},"product_cat":[42],"product_tag":[95,96,94],"class_list":{"0":"post-3845","1":"product","2":"type-product","3":"status-publish","4":"has-post-thumbnail","6":"product_cat-materiais-hidraulicos","7":"product_tag-1198-c30","8":"product_tag-deca","9":"product_tag-torneira","11":"first","12":"instock","13":"shipping-taxable","14":"product-type-simple"},"_links":{"self":[{"href":"https:\/\/eletrorodney.com.br\/site\/wp-json\/wp\/v2\/product\/3845"}],"collection":[{"href":"https:\/\/eletrorodney.com.br\/site\/wp-json\/wp\/v2\/product"}],"about":[{"href":"https:\/\/eletrorodney.com.br\/site\/wp-json\/wp\/v2\/types\/product"}],"replies":[{"embeddable":true,"href":"https:\/\/eletrorodney.com.br\/site\/wp-json\/wp\/v2\/comments?post=3845"}],"wp:featuredmedia":[{"embeddable":true,"href":"https:\/\/eletrorodney.com.br\/site\/wp-json\/wp\/v2\/media\/3847"}],"wp:attachment":[{"href":"https:\/\/eletrorodney.com.br\/site\/wp-json\/wp\/v2\/media?parent=3845"}],"wp:term":[{"taxonomy":"product_cat","embeddable":true,"href":"https:\/\/eletrorodney.com.br\/site\/wp-json\/wp\/v2\/product_cat?post=3845"},{"taxonomy":"product_tag","embeddable":true,"href":"https:\/\/eletrorodney.com.br\/site\/wp-json\/wp\/v2\/product_tag?post=3845"}],"curies":[{"name":"wp","href":"https:\/\/api.w.org\/{rel}","templated":true}]}}