{"id":3904,"date":"2017-03-01T18:55:51","date_gmt":"2017-03-01T18:55:51","guid":{"rendered":"http:\/\/eletrorodney.com.br\/site\/?post_type=product&#038;p=3904"},"modified":"2017-03-01T18:55:51","modified_gmt":"2017-03-01T18:55:51","slug":"cabo-rede-cat6-cmx-cx-305m-azul-sohoplus","status":"publish","type":"product","link":"https:\/\/eletrorodney.com.br\/site\/produto\/cabo-rede-cat6-cmx-cx-305m-azul-sohoplus\/","title":{"rendered":"Cabo Rede CAT6 CMX CX 305m Azul SOHOPLUS"},"content":{"rendered":"<p>Condutor de cobre n\u00fa, coberto por polietileno termopl\u00e1stico adequado. Os condutores s\u00e3o tran\u00e7ados em pares. Capa externa em material n\u00e3o propagante a chama em cumprimento com as diretivas europ\u00e9ias RoHS (Restriction of Hazardous Substances).<\/p>\n<p>Aplica\u00e7\u00f5es: &#8211; 1. Cumpre os requisitos f\u00edsicos e el\u00e9tricos das normas ANSI\/TIA-568C.2 e ISO\/IEC11801 &#8211; 2. O cabo est\u00e1 de acordo com as diretivas RoHS (Restriction of Hazardous Substances) &#8211; 3. Pode ser utilizado com os seguintes padr\u00f5es atuais de redes citados abaixo: a. ATM-155(UTP), AF-PHY-OO15.000 e AF-PHY-0018.000, 155\/51\/25Mbps b. TP-PMD , ANSI X3T9.5, 100 Mbps c. GIGABIT ETHERNET, IEEE 802.3z, 1000 Mbps d. 100BASE-TX, IEEE 802.3u, 100 Mbps e. 100BASE-T4, IEEE 802.3u ,100 Mbps f. 100vg-AnyLAN, IEEE802.12, 100 Mbps g. 10BASE-T , IEEE802.3, 10 Mbps h. TOKEN RING, IEEE802.5 , 4\/16 Mbps i. 3X-AS400, IBM, 10 Mbps<\/p>\n<p>Caracter\u00edsticas do Produto: &#8211; Normas Aplic\u00e1veis ANSI\/TIA-568-C.2 Category 6, NBR 14703, NBR 14705, ISO\/IEC 11801 e IEC 60332. &#8211; Condutor Fio s\u00f3lido de cobre eletrol\u00edtico n\u00fa, recozido, com di\u00e2metro nominal de 24\/23AWG &#8211; Isolamento: Polietileno de alta densidade com di\u00e2metro nominal 1.0mm &#8211; Resist\u00eancia de Isolamento: 10000mOhms.km &#8211; Quantidade de Pares: 4 Pares, 24\/23 AWG &#8211; Par Os condutores isolados s\u00e3o reunidos dois a dois, formando o par. Os passos de torcimento devem ser adequados, de modo a atender os n\u00edveis de diafonia previstos e minimizar o deslocamento relativo entre si. &#8211; N\u00facleo: Os pares s\u00e3o reunidos com passo adequado, formando o n\u00facleo do cabo. \u00c9 utilizado um elemento central em material termopl\u00e1stico para separa\u00e7\u00e3o dos 4 pares binados &#8211; Blindagem: N\u00e3o Blindado (U\/UTP) &#8211; Peso do Cabo: 42kg\/km &#8211; Classe de Flamabilidade: NBR 14705 CM: Deve estar de acordo com IEC 60332-3-25: &#8220;Test for vertical flame spread of vertically-mounted bunched wires or cables &#8211; Category D&#8221; NBR 14705 CMX: Deve estar de acordo com IEC 60332-1-2: &#8220;Test for vertical flame propagation for a single insulated wire or cable&#8221; &#8211; Temperatura de Instala\u00e7\u00e3o: 0\u00baC a 50\u00baC &#8211; Temperatura de Armazenamento: -20\u00baC a 80\u00baC &#8211; Temperatura de Opera\u00e7\u00e3o: -20\u00baC a 60\u00baC &#8211; Desequil\u00edbrio Resistivo M\u00e1ximo: 5% &#8211; Resist\u00eancia El\u00e9trica CC M\u00e1xima do Condutor de 20\u00baC: 93,8 Ohms\/km &#8211; Capacit\u00e2ncia M\u00fatua 1kHz M\u00e1ximo: 56pF\/m &#8211; Desequil\u00edbrio Capacitivo Par x Terra 1kHz M\u00e1ximo: 3,3pF\/m &#8211; Imped\u00e2ncia Caracter\u00edstica: 100\u00b115% Ohms &#8211; Atraso de Propaga\u00e7\u00e3o M\u00e1ximo: 545ns\/100m @ 10MHz &#8211; Diferen\u00e7a Entre o Atraso de Propaga\u00e7\u00e3o M\u00e1ximo: 45ns\/100m &#8211; Prova de Tens\u00e3o El\u00e9trica Entre Condutores: 2500VDC\/3s &#8211; Velocidade de Propaga\u00e7\u00e3o Nominal: 68%<\/p>\n","protected":false},"excerpt":{"rendered":"<div class=\"pgf line0\"><b>Aplica\u00e7\u00e3o:<\/b><\/p>\n<div>Redes<\/div>\n<\/div>\n<div class=\"pgf line1\"><b>Condutor:<\/b><\/p>\n<div>Cobre<\/div>\n<\/div>\n<div class=\"pgf line0\"><b>Cor:<\/b><\/p>\n<div>Azul<\/div>\n<\/div>\n<div class=\"pgf line1\"><b>Embalagem:<\/b><\/p>\n<div>305m (FASTBOX)<\/div>\n<\/div>\n<div class=\"pgf line0\"><b>Imped\u00e2ncia:<\/b><\/p>\n<div>100\u00b115% Ohms<\/div>\n<\/div>\n<div class=\"pgf line1\"><b>Revestimento:<\/b><\/p>\n<div>PVC Retardante a Chama<\/div>\n<\/div>\n<div class=\"pgf line0\"><b>Tipo:<\/b><\/p>\n<div>Multilan<\/div>\n<\/div>\n<div class=\"pgf line1\"><b>Di\u00e2metro:<\/b><\/p>\n<div>6mm<\/div>\n<\/div>\n<div class=\"pgf line0\"><b>Tempo de Garantia:<\/b><\/p>\n<div>12 M\u00eas(es)<\/div>\n<\/div>\n","protected":false},"featured_media":3905,"comment_status":"open","ping_status":"closed","template":"","meta":{"om_disable_all_campaigns":false},"product_cat":[91],"product_tag":[],"class_list":{"0":"post-3904","1":"product","2":"type-product","3":"status-publish","4":"has-post-thumbnail","6":"product_cat-materiais-de-informatica","8":"first","9":"instock","10":"shipping-taxable","11":"product-type-simple"},"_links":{"self":[{"href":"https:\/\/eletrorodney.com.br\/site\/wp-json\/wp\/v2\/product\/3904"}],"collection":[{"href":"https:\/\/eletrorodney.com.br\/site\/wp-json\/wp\/v2\/product"}],"about":[{"href":"https:\/\/eletrorodney.com.br\/site\/wp-json\/wp\/v2\/types\/product"}],"replies":[{"embeddable":true,"href":"https:\/\/eletrorodney.com.br\/site\/wp-json\/wp\/v2\/comments?post=3904"}],"wp:featuredmedia":[{"embeddable":true,"href":"https:\/\/eletrorodney.com.br\/site\/wp-json\/wp\/v2\/media\/3905"}],"wp:attachment":[{"href":"https:\/\/eletrorodney.com.br\/site\/wp-json\/wp\/v2\/media?parent=3904"}],"wp:term":[{"taxonomy":"product_cat","embeddable":true,"href":"https:\/\/eletrorodney.com.br\/site\/wp-json\/wp\/v2\/product_cat?post=3904"},{"taxonomy":"product_tag","embeddable":true,"href":"https:\/\/eletrorodney.com.br\/site\/wp-json\/wp\/v2\/product_tag?post=3904"}],"curies":[{"name":"wp","href":"https:\/\/api.w.org\/{rel}","templated":true}]}}