{"id":3906,"date":"2017-03-01T18:59:48","date_gmt":"2017-03-01T18:59:48","guid":{"rendered":"http:\/\/eletrorodney.com.br\/site\/?post_type=product&#038;p=3906"},"modified":"2017-03-01T18:59:48","modified_gmt":"2017-03-01T18:59:48","slug":"detector-de-incendio-sem-fio-para-fumaca-e-temperatura-wbdft","status":"publish","type":"product","link":"https:\/\/eletrorodney.com.br\/site\/produto\/detector-de-incendio-sem-fio-para-fumaca-e-temperatura-wbdft\/","title":{"rendered":"Detector de Inc\u00eandio sem fio para fuma\u00e7a e temperatura &#8211; WBDFT"},"content":{"rendered":"<p>Apresentamos a mais nova linha de Detectores de Inc\u00eandio produzidos\u00a0nacionalmente pela WDTA, devido a sua tecnologia sem fio nossos equipamentos\u00a0proporcionam uma maior facilidade e agilidade na instala\u00e7\u00e3o e permitindo tamb\u00e9m\u00a0extrema facilidade na mudan\u00e7a de layouts dos detectores.<\/p>\n<p>Utilizando como fonte de energia duas pilhas tamanho AA (Alcalinas para o\u00a0WBDFO e L\u00edtio para WBDFT e WBDTV), com autonomia de 12 a 24 meses (dependendo\u00a0da quantidade de testes, disparos de alerta e sujeira nas c\u00e2maras de detec\u00e7\u00e3o) e r\u00e1dio\u00a0de comunica\u00e7\u00e3o sem fio com frequ\u00eancia de trabalho de 2,4 GHz, banda ISM.<\/p>\n<p>Por utilizar tecnologia sem fio nossos detectores podem ser instalados em locais\u00a0como tetos de vidro de forma f\u00e1cil (neste caso utilizamos fitas dupla face de silicone);\u00a0em ambientes com teto de concreto, aonde os dispositivos cabeados necessitariam de\u00a0utiliza\u00e7\u00e3o de forros ou sancas para cobrir a tubula\u00e7\u00e3o e tamb\u00e9m em pr\u00e9dios tombados pelo Patrim\u00f4nio Hist\u00f3rico, aonde rasgos em paredes s\u00e3o muitas vezes proibidos.<\/p>\n<p>Como n\u00e3o s\u00e3o necess\u00e1rios rasgos em paredes e nem repintura a instala\u00e7\u00e3o \u00e9\u00a0muito r\u00e1pida e interrompe o funcionamento normal dos ambientes por um tempo\u00a0muito curto (para locais com p\u00e9 direito de at\u00e9 tr\u00eas metros o tempo m\u00e9dio de instala\u00e7\u00e3o\u00a0\u00e9 de cinco minutos), condi\u00e7\u00e3o muito importante quando consideramos a instala\u00e7\u00e3o em\u00a0locais como quartos de hot\u00e9is, leitos de hospitais, lojas de shoppings e ind\u00fastrias com\u00a0funcionamento 24 horas.<\/p>\n<p>Como o peso m\u00e9dio de nossos detectores \u00e9 de apenas 200 gramas podem ser\u00a0utilizadas para a fixa\u00e7\u00e3o dos sensores at\u00e9 mesmo algumas colas especiais, caindo \u00e0 zero\u00a0a gera\u00e7\u00e3o de p\u00f3s e ru\u00eddos de furadeiras durante a instala\u00e7\u00e3o.<\/p>\n<p>Como nossos equipamentos utilizam apenas duas pilhas tamanho padr\u00e3o AA\u00a0nossos clientes tem facilidade e pre\u00e7os baixos na aquisi\u00e7\u00e3o de pilhas para reposi\u00e7\u00e3o.<\/p>\n<p><strong>As ferramentas necess\u00e1rias para a instala\u00e7\u00e3o tamb\u00e9m s\u00e3o simples:<\/strong><\/p>\n<ul>\n<li>2 a 4 parafusos e buchas tamanho S6;<\/li>\n<li>1 Chave Philips;<\/li>\n<\/ul>\n<h2>Especifica\u00e7\u00e3o T\u00e9cnica:<\/h2>\n<ul>\n<li>\n<div><strong>Consumo em opera\u00e7\u00e3o normal<\/strong><\/div>\n<div>M\u00e1ximo 50 \u03bcA<\/div>\n<\/li>\n<li>\n<div><strong>Consumo em disparo<\/strong><\/div>\n<div>M\u00e1ximo 50 mA<\/div>\n<\/li>\n<li>\n<div><strong>Dimens\u00f5es (C x L x H)<\/strong><\/div>\n<div>120 x 120 x 72 mm<\/div>\n<\/li>\n<li>\n<div><strong>Dimens\u00f5es Embalagens (C x L x H)<\/strong><\/div>\n<div>150 x 130 x 76 mm<\/div>\n<\/li>\n<li>\n<div><strong>Peso<\/strong><\/div>\n<div>190g<\/div>\n<\/li>\n<li>\n<div><strong>Alimenta\u00e7\u00e3o<\/strong><\/div>\n<div>2 pilhas L\u00edtio tamanho AA<\/div>\n<\/li>\n<li>\n<div><strong>Tempo de descarga da pilha<\/strong><\/div>\n<div>At\u00e9 24 meses<\/div>\n<\/li>\n<li>\n<div><strong>Frequ\u00eancia de trabalho<\/strong><\/div>\n<div>2,4 GHZ, Banda ISM\u00b9<\/div>\n<\/li>\n<li>\n<div><strong>Criptografia da rede<\/strong><\/div>\n<div>128 bits<\/div>\n<\/li>\n<li>\n<div><strong>Taxa de Transfer\u00eancia de Dados<\/strong><\/div>\n<div>256 Kbps<\/div>\n<\/li>\n<li>\n<div><strong>Tempo m\u00e9dio de alerta de inc\u00eandio<\/strong><\/div>\n<div>2s<\/div>\n<\/li>\n<li>\n<div><strong>Alcance m\u00e1ximo \u201cindoor\u201d<\/strong><\/div>\n<div>30m<\/div>\n<\/li>\n<li>\n<div><strong>Alcance m\u00e1ximo \u201coutdoor\u201d<\/strong><\/div>\n<div>60m<\/div>\n<\/li>\n<li>\n<div><strong>Temperatura de armazenamento<\/strong><\/div>\n<div>-10 a 50 \u00b0C<\/div>\n<\/li>\n<li>\n<div><strong>Temperatura de opera\u00e7\u00e3o<\/strong><\/div>\n<div>-20 a 60 \u00b0C<\/div>\n<\/li>\n<li>\n<div><strong>Grau de prote\u00e7\u00e3o<\/strong><\/div>\n<div>IP40<\/div>\n<\/li>\n<li>\n<div><strong>Tempo m\u00e1ximo de alerta de falhas<\/strong><\/div>\n<div>5min<\/div>\n<\/li>\n<li>\n<div><strong>Tempo m\u00e9dio de alerta sensor removido<\/strong><\/div>\n<div>2s<\/div>\n<\/li>\n<li>\n<div><strong>Alerta de bateria esgotada na central<\/strong><\/div>\n<div>Sim<\/div>\n<\/li>\n<li>\n<div><strong>Indicador na central de n\u00edvel de bateria<\/strong><\/div>\n<div>Sim<\/div>\n<\/li>\n<li>\n<div><strong>Drift Compensation\u00b2<\/strong><\/div>\n<div>Sim<\/div>\n<\/li>\n<li>\n<div><strong>Indicador na central de c\u00e2mara \u00f3ptica suja\u00b3<\/strong><\/div>\n<div>Sim<\/div>\n<\/li>\n<\/ul>\n","protected":false},"excerpt":{"rendered":"<p>Apresentamos a mais nova linha de Detectores de Inc\u00eandio produzidos\u00a0nacionalmente pela WDTA, devido a sua tecnologia sem fio nossos equipamentos\u00a0proporcionam uma maior facilidade e agilidade na<span class=\"excerpt-hellip\"> [\u2026]<\/span><\/p>\n","protected":false},"featured_media":3907,"comment_status":"open","ping_status":"closed","template":"","meta":{"om_disable_all_campaigns":false},"product_cat":[44],"product_tag":[],"class_list":{"0":"post-3906","1":"product","2":"type-product","3":"status-publish","4":"has-post-thumbnail","6":"product_cat-contra-incendio","8":"first","9":"instock","10":"shipping-taxable","11":"product-type-simple"},"_links":{"self":[{"href":"https:\/\/eletrorodney.com.br\/site\/wp-json\/wp\/v2\/product\/3906"}],"collection":[{"href":"https:\/\/eletrorodney.com.br\/site\/wp-json\/wp\/v2\/product"}],"about":[{"href":"https:\/\/eletrorodney.com.br\/site\/wp-json\/wp\/v2\/types\/product"}],"replies":[{"embeddable":true,"href":"https:\/\/eletrorodney.com.br\/site\/wp-json\/wp\/v2\/comments?post=3906"}],"wp:featuredmedia":[{"embeddable":true,"href":"https:\/\/eletrorodney.com.br\/site\/wp-json\/wp\/v2\/media\/3907"}],"wp:attachment":[{"href":"https:\/\/eletrorodney.com.br\/site\/wp-json\/wp\/v2\/media?parent=3906"}],"wp:term":[{"taxonomy":"product_cat","embeddable":true,"href":"https:\/\/eletrorodney.com.br\/site\/wp-json\/wp\/v2\/product_cat?post=3906"},{"taxonomy":"product_tag","embeddable":true,"href":"https:\/\/eletrorodney.com.br\/site\/wp-json\/wp\/v2\/product_tag?post=3906"}],"curies":[{"name":"wp","href":"https:\/\/api.w.org\/{rel}","templated":true}]}}