{"id":4048,"date":"2017-09-21T19:36:49","date_gmt":"2017-09-21T19:36:49","guid":{"rendered":"http:\/\/eletrorodney.com.br\/site\/?post_type=product&#038;p=4048"},"modified":"2025-05-02T07:32:58","modified_gmt":"2025-05-02T10:32:58","slug":"cabo-flexivel-com-100-metros-25-mm-vermelho","status":"publish","type":"product","link":"https:\/\/eletrorodney.com.br\/site\/produto\/cabo-flexivel-com-100-metros-25-mm-vermelho\/","title":{"rendered":"Cabo Flex\u00edvel com 100 Metros 2,5 Mm Vermelho"},"content":{"rendered":"<div>\n<div>O cabo flex\u00edvel \u00e9 recomendado para instala\u00e7\u00f5es industriais e residenciais de for\u00e7a e de luz, em circuitos de comandos, sinaliza\u00e7\u00f5es, etc.<\/div>\n<\/div>\n<div>\n<div>\n<div>\n<div>Por se tratar de cabo com boa\u00a0<strong>flexibilidade<\/strong>, possui maior facilidade de instala\u00e7\u00e3o e manuseio.<\/div>\n<\/div>\n<\/div>\n<div>\n<table class=\"table table-striped table-width-fifty\">\n<tbody>\n<tr>\n<td><strong>Marca:<\/strong><\/td>\n<td>Cobrecom<\/td>\n<\/tr>\n<tr>\n<td><strong>Uso Indicado:<\/strong><\/td>\n<td>para instala\u00e7\u00f5es internas fixas, industriais, comerciais e residenciais de luz e for\u00e7a, pain\u00e9is de comando, sinaliza\u00e7\u00e3o e nas instala\u00e7\u00f5es el\u00e9tricas de autom\u00f3veis e veiculos motorizados ,embutidos em eletrodutos, bandejas ou canaletas<\/td>\n<\/tr>\n<tr>\n<td><strong>Peso (kg):<\/strong><\/td>\n<td>3,00<\/td>\n<\/tr>\n<tr>\n<td><strong>Peso Aproximado do Produto com embalagem (kg):<\/strong><\/td>\n<td>3,00<\/td>\n<\/tr>\n<tr>\n<td><strong>Produto:<\/strong><\/td>\n<td>Cabo Flex\u00edvel<\/td>\n<\/tr>\n<tr>\n<td><strong>Conte\u00fado da Embalagem:<\/strong><\/td>\n<td>1 cabo flexicom<\/td>\n<\/tr>\n<tr>\n<td><strong>Dimens\u00f5es Aproximadas do Produto com Embalagem (cm) &#8211; AxLxP:<\/strong><\/td>\n<td>6 X 23 X 23<\/td>\n<\/tr>\n<tr>\n<td><strong>Tipo de Material:<\/strong><\/td>\n<td>Cobre\/PVC Antichama<\/td>\n<\/tr>\n<tr>\n<td><strong>Informa\u00e7\u00f5es Adicionais:<\/strong><\/td>\n<td>Para tens\u00f5es nominais at\u00e9 450\/750 V, formado por fios de cobre nu, eletrol\u00edtico,t\u00eampera mole, encordoamento Classe 4 (flexiveis), isolado com policloreto de vinila ( PVC ), tipo PVC\/A para 70 \u00baC, antichama ( BWF-B ).<\/td>\n<\/tr>\n<tr>\n<td><strong>Cor:<\/strong><\/td>\n<td>Vermelho<\/td>\n<\/tr>\n<tr>\n<td><strong>Linha:<\/strong><\/td>\n<td>Flex\u00edvel &#8211; 450 \/ 750 V<\/td>\n<\/tr>\n<tr>\n<td><strong>Garantia (M\u00eas):<\/strong><\/td>\n<td>120<\/td>\n<\/tr>\n<tr>\n<td><strong>Comprimento do Cabo(m):<\/strong><\/td>\n<td>100<\/td>\n<\/tr>\n<tr>\n<td><strong>Tipo do Cabo:<\/strong><\/td>\n<td>Flex\u00edvel<\/td>\n<\/tr>\n<tr>\n<td><strong>Se\u00e7\u00e3o Bitola(mm):<\/strong><\/td>\n<td>2,5<\/td>\n<\/tr>\n<tr>\n<td><strong>Temperatura de Opera\u00e7\u00e3o Ideal:<\/strong><\/td>\n<td>70\u00b0C<\/td>\n<\/tr>\n<tr>\n<td><strong>Tens\u00e3o El\u00e9trica M\u00e1xima:<\/strong><\/td>\n<td>750v<\/td>\n<\/tr>\n<tr>\n<td><strong>Aten\u00e7\u00e3o:<\/strong><\/td>\n<td>Nos casos que necessitem montagem e instala\u00e7\u00e3o o servi\u00e7o n\u00e3o \u00e9 incluso e \u00e9 de inteira responsabilidade do cliente. Para garantia da correta montagem ou instala\u00e7\u00e3o do produto, utilize apenas t\u00e9cnicos especializados. Consulte : maodeobra.sp@cec.com.br\u00a0<b>IMPORTANTE: Imagens Meramente Ilustrativas.<\/b><\/td>\n<\/tr>\n<\/tbody>\n<\/table>\n<\/div>\n<\/div>\n","protected":false},"excerpt":{"rendered":"<p>O cabo flex\u00edvel \u00e9 recomendado para instala\u00e7\u00f5es industriais e residenciais de for\u00e7a e de luz, em circuitos de comandos, sinaliza\u00e7\u00f5es, etc. Por se tratar de cabo<span class=\"excerpt-hellip\"> [\u2026]<\/span><\/p>\n","protected":false},"featured_media":4049,"comment_status":"open","ping_status":"closed","template":"","meta":{"om_disable_all_campaigns":false},"product_cat":[43],"product_tag":[],"class_list":{"0":"post-4048","1":"product","2":"type-product","3":"status-publish","4":"has-post-thumbnail","6":"product_cat-materiais-eletricos","8":"first","9":"instock","10":"shipping-taxable","11":"product-type-simple"},"_links":{"self":[{"href":"https:\/\/eletrorodney.com.br\/site\/wp-json\/wp\/v2\/product\/4048"}],"collection":[{"href":"https:\/\/eletrorodney.com.br\/site\/wp-json\/wp\/v2\/product"}],"about":[{"href":"https:\/\/eletrorodney.com.br\/site\/wp-json\/wp\/v2\/types\/product"}],"replies":[{"embeddable":true,"href":"https:\/\/eletrorodney.com.br\/site\/wp-json\/wp\/v2\/comments?post=4048"}],"wp:featuredmedia":[{"embeddable":true,"href":"https:\/\/eletrorodney.com.br\/site\/wp-json\/wp\/v2\/media\/4049"}],"wp:attachment":[{"href":"https:\/\/eletrorodney.com.br\/site\/wp-json\/wp\/v2\/media?parent=4048"}],"wp:term":[{"taxonomy":"product_cat","embeddable":true,"href":"https:\/\/eletrorodney.com.br\/site\/wp-json\/wp\/v2\/product_cat?post=4048"},{"taxonomy":"product_tag","embeddable":true,"href":"https:\/\/eletrorodney.com.br\/site\/wp-json\/wp\/v2\/product_tag?post=4048"}],"curies":[{"name":"wp","href":"https:\/\/api.w.org\/{rel}","templated":true}]}}