{"id":4054,"date":"2017-09-21T19:44:02","date_gmt":"2017-09-21T19:44:02","guid":{"rendered":"http:\/\/eletrorodney.com.br\/site\/?post_type=product&#038;p=4054"},"modified":"2017-09-21T19:44:02","modified_gmt":"2017-09-21T19:44:02","slug":"filtro-de-linha-com-5-tomadas-slim-preto-bivolt","status":"publish","type":"product","link":"https:\/\/eletrorodney.com.br\/site\/produto\/filtro-de-linha-com-5-tomadas-slim-preto-bivolt\/","title":{"rendered":"Filtro de Linha com 5 Tomadas Slim Preto Bivolt"},"content":{"rendered":"<ul>\n<li>Filtro de Linha<span class=\"apple-converted-space\">\u00a0<\/span><span class=\"caps\">SLIM<\/span><\/li>\n<li>Cor: Preto<\/li>\n<li>3 Pinos<\/li>\n<li>Filtro de linha com prote\u00e7\u00e3o de fus\u00edvel, utilizada em computadores, aparelhos el\u00e9tricos e eletr\u00f4nicos mais delicados<\/li>\n<li>Pode ser usado tamb\u00e9m como extens\u00e3o el\u00e9trica.<\/li>\n<li>Protege seus aparelhos por muito mais tempo.<\/li>\n<li>Protetor conta varia\u00e7\u00f5es de voltagem.<\/li>\n<li>Compat\u00edvel com plugues bipolar e tripolar.<\/li>\n<li>Com chave liga\/desliga.<\/li>\n<li>Led indicador.<\/li>\n<li>Com fus\u00edvel de 10 amperes incluso.<\/li>\n<li>Bivolt<\/li>\n<li>Conectar cabo de for\u00e7a na rede el\u00e9trica.<\/li>\n<li>Ao ligar o bot\u00e3o o<span class=\"apple-converted-space\">\u00a0<\/span><span class=\"caps\">LED<\/span><span class=\"apple-converted-space\">\u00a0<\/span>de identifica\u00e7\u00e3o ascende.<\/li>\n<li>Atribuir carga de no m\u00e1ximo 10 Amper.<span lang=\"PT\">\u00a0<\/span><\/li>\n<\/ul>\n","protected":false},"excerpt":{"rendered":"<ul>\n<li>Filtro de Linha<span class=\"apple-converted-space\">\u00a0<\/span><span class=\"caps\">SLIM<\/span><\/li>\n<li>Cor: Preto<\/li>\n<li>3 Pinos<\/li>\n<li>Filtro de linha com prote\u00e7\u00e3o de fus\u00edvel, utilizada em computadores, aparelhos el\u00e9tricos e eletr\u00f4nicos mais delicados<\/li>\n<li>Pode ser usado tamb\u00e9m como extens\u00e3o el\u00e9trica.<\/li>\n<li>Protege seus aparelhos por muito mais tempo.<\/li>\n<li>Protetor conta varia\u00e7\u00f5es de voltagem.<\/li>\n<li>Compat\u00edvel com plugues bipolar e tripolar.<\/li>\n<li>Com chave liga\/desliga.<\/li>\n<li>Led indicador.<\/li>\n<li>Com fus\u00edvel de 10 amperes incluso.<\/li>\n<li>Bivolt<\/li>\n<li>Conectar cabo de for\u00e7a na rede el\u00e9trica.<\/li>\n<li>Ao ligar o bot\u00e3o o<span class=\"apple-converted-space\">\u00a0<\/span><span class=\"caps\">LED<\/span><span class=\"apple-converted-space\">\u00a0<\/span>de identifica\u00e7\u00e3o ascende.<\/li>\n<li>Atribuir carga de no m\u00e1ximo 10 Amper.<span lang=\"PT\">\u00a0<\/span><\/li>\n<\/ul>\n","protected":false},"featured_media":4056,"comment_status":"open","ping_status":"closed","template":"","meta":{"om_disable_all_campaigns":false},"product_cat":[43],"product_tag":[],"class_list":{"0":"post-4054","1":"product","2":"type-product","3":"status-publish","4":"has-post-thumbnail","6":"product_cat-materiais-eletricos","8":"first","9":"instock","10":"shipping-taxable","11":"product-type-simple"},"_links":{"self":[{"href":"https:\/\/eletrorodney.com.br\/site\/wp-json\/wp\/v2\/product\/4054"}],"collection":[{"href":"https:\/\/eletrorodney.com.br\/site\/wp-json\/wp\/v2\/product"}],"about":[{"href":"https:\/\/eletrorodney.com.br\/site\/wp-json\/wp\/v2\/types\/product"}],"replies":[{"embeddable":true,"href":"https:\/\/eletrorodney.com.br\/site\/wp-json\/wp\/v2\/comments?post=4054"}],"wp:featuredmedia":[{"embeddable":true,"href":"https:\/\/eletrorodney.com.br\/site\/wp-json\/wp\/v2\/media\/4056"}],"wp:attachment":[{"href":"https:\/\/eletrorodney.com.br\/site\/wp-json\/wp\/v2\/media?parent=4054"}],"wp:term":[{"taxonomy":"product_cat","embeddable":true,"href":"https:\/\/eletrorodney.com.br\/site\/wp-json\/wp\/v2\/product_cat?post=4054"},{"taxonomy":"product_tag","embeddable":true,"href":"https:\/\/eletrorodney.com.br\/site\/wp-json\/wp\/v2\/product_tag?post=4054"}],"curies":[{"name":"wp","href":"https:\/\/api.w.org\/{rel}","templated":true}]}}