{"id":4059,"date":"2017-09-21T19:48:43","date_gmt":"2017-09-21T19:48:43","guid":{"rendered":"http:\/\/eletrorodney.com.br\/site\/?post_type=product&#038;p=4059"},"modified":"2017-09-21T19:48:43","modified_gmt":"2017-09-21T19:48:43","slug":"ducha-lorenzetti-top-jet-6400w-4-temperaturas","status":"publish","type":"product","link":"https:\/\/eletrorodney.com.br\/site\/produto\/ducha-lorenzetti-top-jet-6400w-4-temperaturas\/","title":{"rendered":"Ducha Lorenzetti Top Jet 6400W &#8211; 4 Temperaturas"},"content":{"rendered":"<h2 class=\"description__product-title\">Ducha Lorenzetti Top Jet 6400W &#8211; 4 Temperaturas<\/h2>\n<p>A ducha Top Jet da Lorenzetti traz o m\u00e1ximo conforto e o prazer de um banho das famosas e conhecidas duchas de parede, conta com um grande espalhador e maior \u00e1rea de banho para um jato incr\u00edvel. Com 4 temperaturas pr\u00e9-definidas proporciona mais conforto e economia em todas as esta\u00e7\u00f5es do ano. Acionamento super pr\u00e1tico atrav\u00e9s de bot\u00e3o ou exclusiva haste prolongadora de 30 cent\u00edmetros que facilita o acesso.<\/p>\n<table class=\"description__box--wildSand\">\n<tbody>\n<tr>\n<td class=\"description__information-left\">Informa\u00e7\u00f5es t\u00e9cnicas<\/td>\n<td class=\"description__information-right\">\n<table class=\"description__box\">\n<tbody>\n<tr>\n<td class=\"description__information-box-left\">Marca<\/td>\n<td class=\"description__information-box-right\">Lorenzetti<\/td>\n<\/tr>\n<\/tbody>\n<\/table>\n<table class=\"description__box\">\n<tbody>\n<tr>\n<td class=\"description__information-box-left\">Refer\u00eancia<\/td>\n<td class=\"description__information-box-right\">7541501.<\/td>\n<\/tr>\n<\/tbody>\n<\/table>\n<table class=\"description__box\">\n<tbody>\n<tr>\n<td class=\"description__information-box-left\">Cor<\/td>\n<td class=\"description__information-box-right\">Branco<\/td>\n<\/tr>\n<\/tbody>\n<\/table>\n<table class=\"description__box\">\n<tbody>\n<tr>\n<td class=\"description__information-box-left\">Modelo<\/td>\n<td class=\"description__information-box-right\">Top Jet<\/td>\n<\/tr>\n<\/tbody>\n<\/table>\n<\/td>\n<\/tr>\n<\/tbody>\n<\/table>\n<table class=\"description__box\">\n<tbody>\n<tr>\n<td class=\"description__information-left\">Tipo de chuveiro<\/td>\n<td class=\"description__information-right\">Multitemperatura<\/td>\n<\/tr>\n<\/tbody>\n<\/table>\n<table class=\"description__box--wildSand\">\n<tbody>\n<tr>\n<td class=\"description__information-left\">Temperaturas<\/td>\n<td class=\"description__information-right\">4<\/td>\n<\/tr>\n<\/tbody>\n<\/table>\n<table class=\"description__box\">\n<tbody>\n<tr>\n<td class=\"description__information-left\">Material<\/td>\n<td class=\"description__information-right\">Termopl\u00e1sticos, elast\u00f4meros, ligas de cobre, ferro, zinco, prata e n\u00edquel.<\/td>\n<\/tr>\n<\/tbody>\n<\/table>\n<table class=\"description__box--wildSand\">\n<tbody>\n<tr>\n<td class=\"description__information-left\">Recursos<\/td>\n<td class=\"description__information-right\">\n<table class=\"description__box\">\n<tbody>\n<tr>\n<td class=\"description__information-box-left\">Quantidade de jatos de \u00e1gua<\/td>\n<td class=\"description__information-box-right\">01.<\/td>\n<\/tr>\n<\/tbody>\n<\/table>\n<table class=\"description__box\">\n<tbody>\n<tr>\n<td class=\"description__information-box-left\">Tipo de jato<\/td>\n<td class=\"description__information-box-right\">Fixo.<\/td>\n<\/tr>\n<\/tbody>\n<\/table>\n<table class=\"description__box\">\n<tbody>\n<tr>\n<td class=\"description__information-box-left\">Mangueira com ducha manual<\/td>\n<td class=\"description__information-box-right\">sim<\/td>\n<\/tr>\n<\/tbody>\n<\/table>\n<table class=\"description__box\">\n<tbody>\n<tr>\n<td class=\"description__information-box-left\">Compat\u00edvel com sistema DR<\/td>\n<td class=\"description__information-box-right\">sim<\/td>\n<\/tr>\n<\/tbody>\n<\/table>\n<table class=\"description__box\">\n<tbody>\n<tr>\n<td class=\"description__information-box-left\">Tela bloqueadora de res\u00edduos<\/td>\n<td class=\"description__information-box-right\">sim<\/td>\n<\/tr>\n<\/tbody>\n<\/table>\n<table class=\"description__box\">\n<tbody>\n<tr>\n<td class=\"description__information-box-left\">Resist\u00eancias independentes<\/td>\n<td class=\"description__information-box-right\">sim<\/td>\n<\/tr>\n<\/tbody>\n<\/table>\n<table class=\"description__box\">\n<tbody>\n<tr>\n<td class=\"description__information-box-left\">Prote\u00e7\u00e3o contra choques<\/td>\n<td class=\"description__information-box-right\">sim<\/td>\n<\/tr>\n<\/tbody>\n<\/table>\n<\/td>\n<\/tr>\n<\/tbody>\n<\/table>\n<table class=\"description__box\">\n<tbody>\n<tr>\n<td class=\"description__information-left\">Energia<\/td>\n<td class=\"description__information-right\">\n<table class=\"description__box\">\n<tbody>\n<tr>\n<td class=\"description__information-box-left\">Alimenta\u00e7\u00e3o<\/td>\n<td class=\"description__information-box-right\">220 Volts<\/td>\n<\/tr>\n<\/tbody>\n<\/table>\n<table class=\"description__box\">\n<tbody>\n<tr>\n<td class=\"description__information-box-left\">Consumo aproximado de energia<\/td>\n<td class=\"description__information-box-right\">27,2 kwh\/m\u00eas.<\/td>\n<\/tr>\n<\/tbody>\n<\/table>\n<\/td>\n<\/tr>\n<\/tbody>\n<\/table>\n<table class=\"description__box--wildSand\">\n<tbody>\n<tr>\n<td class=\"description__information-left\">Pot\u00eancia<\/td>\n<td class=\"description__information-right\">6400W.<\/td>\n<\/tr>\n<\/tbody>\n<\/table>\n<table class=\"description__box\">\n<tbody>\n<tr>\n<td class=\"description__information-left\">Press\u00e3o de funcionamento<\/td>\n<td class=\"description__information-right\">\n<table class=\"description__box\">\n<tbody>\n<tr>\n<td class=\"description__information-box-left\">M\u00ednima<\/td>\n<td class=\"description__information-box-right\">01 mca.<\/td>\n<\/tr>\n<\/tbody>\n<\/table>\n<table class=\"description__box\">\n<tbody>\n<tr>\n<td class=\"description__information-box-left\">M\u00e1xima<\/td>\n<td class=\"description__information-box-right\">40 mca.<\/td>\n<\/tr>\n<\/tbody>\n<\/table>\n<\/td>\n<\/tr>\n<\/tbody>\n<\/table>\n<table class=\"description__box--wildSand\">\n<tbody>\n<tr>\n<td class=\"description__information-left\">Disjuntor<\/td>\n<td class=\"description__information-right\">32 Amperes.<\/td>\n<\/tr>\n<\/tbody>\n<\/table>\n<table class=\"description__box\">\n<tbody>\n<tr>\n<td class=\"description__information-left\">Peso aproximado<\/td>\n<td class=\"description__information-right\">\n<table class=\"description__box\">\n<tbody>\n<tr>\n<td class=\"description__information-box-left\"><i class=\"icon-weight description__icon-weight\"><\/i>\u00a0Peso do produto<\/td>\n<td class=\"description__information-box-right\">780 gramas.<\/td>\n<\/tr>\n<\/tbody>\n<\/table>\n<table class=\"description__box\">\n<tbody>\n<tr>\n<td class=\"description__information-box-left\"><i class=\"icon-weight description__icon-weight\"><\/i>\u00a0Peso do produto com embalagem<\/td>\n<td class=\"description__information-box-right\">1,385 kg.<\/td>\n<\/tr>\n<\/tbody>\n<\/table>\n<\/td>\n<\/tr>\n<\/tbody>\n<\/table>\n<table class=\"description__box--wildSand\">\n<tbody>\n<tr>\n<td class=\"description__information-left\">Dimens\u00f5es do produto<\/td>\n<td class=\"description__information-right\">\n<table class=\"description__box\">\n<tbody>\n<tr>\n<td class=\"description__information-box-left\"><i class=\"icon-width description__icon-dimensions\"><\/i>\u00a0Largura<\/td>\n<td class=\"description__information-box-right\">15 cm.<\/td>\n<\/tr>\n<\/tbody>\n<\/table>\n<table class=\"description__box\">\n<tbody>\n<tr>\n<td class=\"description__information-box-left\"><i class=\"icon-height description__icon-dimensions\"><\/i>\u00a0Altura<\/td>\n<td class=\"description__information-box-right\">41 cm.<\/td>\n<\/tr>\n<\/tbody>\n<\/table>\n<table class=\"description__box\">\n<tbody>\n<tr>\n<td class=\"description__information-box-left\"><i class=\"icon-depth description__icon-dimensions\"><\/i>\u00a0Profundidade<\/td>\n<td class=\"description__information-box-right\">25 cm.<\/td>\n<\/tr>\n<\/tbody>\n<\/table>\n<\/td>\n<\/tr>\n<\/tbody>\n<\/table>\n<table class=\"description__box\">\n<tbody>\n<tr>\n<td class=\"description__information-left\">Dimens\u00f5es da embalagem<\/td>\n<td class=\"description__information-right\">\n<table class=\"description__box\">\n<tbody>\n<tr>\n<td class=\"description__information-box-left\"><i class=\"icon-width description__icon-dimensions\"><\/i>\u00a0Largura<\/td>\n<td class=\"description__information-box-right\">33 cm.<\/td>\n<\/tr>\n<\/tbody>\n<\/table>\n<table class=\"description__box\">\n<tbody>\n<tr>\n<td class=\"description__information-box-left\"><i class=\"icon-height description__icon-dimensions\"><\/i>\u00a0Altura<\/td>\n<td class=\"description__information-box-right\">25 cm.<\/td>\n<\/tr>\n<\/tbody>\n<\/table>\n<table class=\"description__box\">\n<tbody>\n<tr>\n<td class=\"description__information-box-left\"><i class=\"icon-depth description__icon-dimensions\"><\/i>\u00a0Profundidade<\/td>\n<td class=\"description__information-box-right\">50 cm.<\/td>\n<\/tr>\n<\/tbody>\n<\/table>\n<\/td>\n<\/tr>\n<\/tbody>\n<\/table>\n<table class=\"description__box--wildSand\">\n<tbody>\n<tr>\n<td class=\"description__information-left\">Garantia<\/td>\n<td class=\"description__information-right\">\n<table class=\"description__box\">\n<tbody>\n<tr>\n<td class=\"description__information-box-left\">Prazo<\/td>\n<td class=\"description__information-box-right\">01 ano (3 meses de garantia legal e mais 9 meses de garantia especial concedida pelo fabricante).<\/td>\n<\/tr>\n<\/tbody>\n<\/table>\n<\/td>\n<\/tr>\n<\/tbody>\n<\/table>\n<table class=\"description__box\">\n<tbody>\n<tr>\n<td class=\"description__information-left\">SAC do fornecedor (E-mail)<\/td>\n<td class=\"description__information-right\">sac@lorenzetti.com.br<\/td>\n<\/tr>\n<\/tbody>\n<\/table>\n<table class=\"description__box--wildSand\">\n<tbody>\n<tr>\n<td class=\"description__information-left\">Itens inclusos<\/td>\n<td class=\"description__information-right\">&#8211; 01 Ducha<br \/>\n&#8211; 01 Mangueira<br \/>\n&#8211; 01 Ducha manual<br \/>\n&#8211; Garantia.<\/td>\n<\/tr>\n<\/tbody>\n<\/table>\n","protected":false},"excerpt":{"rendered":"<h2 class=\"description__product-title\">Ducha Lorenzetti Top Jet 6400W &#8211; 4 Temperaturas<\/h2>\n<p>A ducha Top Jet da Lorenzetti traz o m\u00e1ximo conforto e o prazer de um banho das famosas e conhecidas duchas de parede, conta com um grande espalhador e maior \u00e1rea de banho para um jato incr\u00edvel. Com 4 temperaturas pr\u00e9-definidas proporciona mais conforto e economia em todas as esta\u00e7\u00f5es do ano. Acionamento super pr\u00e1tico atrav\u00e9s de bot\u00e3o ou exclusiva haste prolongadora de 30 cent\u00edmetros que facilita o acesso.<\/p>\n<table class=\"description__box--wildSand\">\n<tbody>\n<tr>\n<td class=\"description__information-left\">Informa\u00e7\u00f5es t\u00e9cnicas<\/td>\n<td class=\"description__information-right\">\n<table class=\"description__box\">\n<tbody>\n<tr>\n<td class=\"description__information-box-left\">Marca<\/td>\n<td class=\"description__information-box-right\">Lorenzetti<\/td>\n<\/tr>\n<\/tbody>\n<\/table>\n<table class=\"description__box\">\n<tbody>\n<tr>\n<td class=\"description__information-box-left\">Refer\u00eancia<\/td>\n<td class=\"description__information-box-right\">7541501.<\/td>\n<\/tr>\n<\/tbody>\n<\/table>\n<table class=\"description__box\">\n<tbody>\n<tr>\n<td class=\"description__information-box-left\">Cor<\/td>\n<td class=\"description__information-box-right\">Branco<\/td>\n<\/tr>\n<\/tbody>\n<\/table>\n<table class=\"description__box\">\n<tbody>\n<tr>\n<td class=\"description__information-box-left\">Modelo<\/td>\n<td class=\"description__information-box-right\">Top Jet<\/td>\n<\/tr>\n<\/tbody>\n<\/table>\n<\/td>\n<\/tr>\n<\/tbody>\n<\/table>\n<table class=\"description__box\">\n<tbody>\n<tr>\n<td class=\"description__information-left\">Tipo de chuveiro<\/td>\n<td class=\"description__information-right\">Multitemperatura<\/td>\n<\/tr>\n<\/tbody>\n<\/table>\n<table class=\"description__box--wildSand\">\n<tbody>\n<tr>\n<td class=\"description__information-left\">Temperaturas<\/td>\n<td class=\"description__information-right\">4<\/td>\n<\/tr>\n<\/tbody>\n<\/table>\n<table class=\"description__box\">\n<tbody>\n<tr>\n<td class=\"description__information-left\">Material<\/td>\n<td class=\"description__information-right\">Termopl\u00e1sticos, elast\u00f4meros, ligas de cobre, ferro, zinco, prata e n\u00edquel.<\/td>\n<\/tr>\n<\/tbody>\n<\/table>\n<table class=\"description__box--wildSand\">\n<tbody>\n<tr>\n<td class=\"description__information-left\">Recursos<\/td>\n<td class=\"description__information-right\">\n<table class=\"description__box\">\n<tbody>\n<tr>\n<td class=\"description__information-box-left\">Quantidade de jatos de \u00e1gua<\/td>\n<td class=\"description__information-box-right\">01.<\/td>\n<\/tr>\n<\/tbody>\n<\/table>\n<table class=\"description__box\">\n<tbody>\n<tr>\n<td class=\"description__information-box-left\">Tipo de jato<\/td>\n<td class=\"description__information-box-right\">Fixo.<\/td>\n<\/tr>\n<\/tbody>\n<\/table>\n<table class=\"description__box\">\n<tbody>\n<tr>\n<td class=\"description__information-box-left\">Mangueira com ducha manual<\/td>\n<td class=\"description__information-box-right\">sim<\/td>\n<\/tr>\n<\/tbody>\n<\/table>\n<table class=\"description__box\">\n<tbody>\n<tr>\n<td class=\"description__information-box-left\">Compat\u00edvel com sistema DR<\/td>\n<td class=\"description__information-box-right\">sim<\/td>\n<\/tr>\n<\/tbody>\n<\/table>\n<table class=\"description__box\">\n<tbody>\n<tr>\n<td class=\"description__information-box-left\">Tela bloqueadora de res\u00edduos<\/td>\n<td class=\"description__information-box-right\">sim<\/td>\n<\/tr>\n<\/tbody>\n<\/table>\n<table class=\"description__box\">\n<tbody>\n<tr>\n<td class=\"description__information-box-left\">Resist\u00eancias independentes<\/td>\n<td class=\"description__information-box-right\">sim<\/td>\n<\/tr>\n<\/tbody>\n<\/table>\n<table class=\"description__box\">\n<tbody>\n<tr>\n<td class=\"description__information-box-left\">Prote\u00e7\u00e3o contra choques<\/td>\n<td class=\"description__information-box-right\">sim<\/td>\n<\/tr>\n<\/tbody>\n<\/table>\n<\/td>\n<\/tr>\n<\/tbody>\n<\/table>\n<table class=\"description__box\">\n<tbody>\n<tr>\n<td class=\"description__information-left\">Energia<\/td>\n<td class=\"description__information-right\">\n<table class=\"description__box\">\n<tbody>\n<tr>\n<td class=\"description__information-box-left\">Alimenta\u00e7\u00e3o<\/td>\n<td class=\"description__information-box-right\">220 Volts<\/td>\n<\/tr>\n<\/tbody>\n<\/table>\n<table class=\"description__box\">\n<tbody>\n<tr>\n<td class=\"description__information-box-left\">Consumo aproximado de energia<\/td>\n<td class=\"description__information-box-right\">27,2 kwh\/m\u00eas.<\/td>\n<\/tr>\n<\/tbody>\n<\/table>\n<\/td>\n<\/tr>\n<\/tbody>\n<\/table>\n<table class=\"description__box--wildSand\">\n<tbody>\n<tr>\n<td class=\"description__information-left\">Pot\u00eancia<\/td>\n<td class=\"description__information-right\">6400W.<\/td>\n<\/tr>\n<\/tbody>\n<\/table>\n<table class=\"description__box\">\n<tbody>\n<tr>\n<td class=\"description__information-left\">Press\u00e3o de funcionamento<\/td>\n<td class=\"description__information-right\">\n<table class=\"description__box\">\n<tbody>\n<tr>\n<td class=\"description__information-box-left\">M\u00ednima<\/td>\n<td class=\"description__information-box-right\">01 mca.<\/td>\n<\/tr>\n<\/tbody>\n<\/table>\n<table class=\"description__box\">\n<tbody>\n<tr>\n<td class=\"description__information-box-left\">M\u00e1xima<\/td>\n<td class=\"description__information-box-right\">40 mca.<\/td>\n<\/tr>\n<\/tbody>\n<\/table>\n<\/td>\n<\/tr>\n<\/tbody>\n<\/table>\n<table class=\"description__box--wildSand\">\n<tbody>\n<tr>\n<td class=\"description__information-left\">Disjuntor<\/td>\n<td class=\"description__information-right\">32 Amperes.<\/td>\n<\/tr>\n<\/tbody>\n<\/table>\n<table class=\"description__box\">\n<tbody>\n<tr>\n<td class=\"description__information-left\">Peso aproximado<\/td>\n<td class=\"description__information-right\">\n<table class=\"description__box\">\n<tbody>\n<tr>\n<td class=\"description__information-box-left\"><i class=\"icon-weight description__icon-weight\"><\/i>\u00a0Peso do produto<\/td>\n<td class=\"description__information-box-right\">780 gramas.<\/td>\n<\/tr>\n<\/tbody>\n<\/table>\n<table class=\"description__box\">\n<tbody>\n<tr>\n<td class=\"description__information-box-left\"><i class=\"icon-weight description__icon-weight\"><\/i>\u00a0Peso do produto com embalagem<\/td>\n<td class=\"description__information-box-right\">1,385 kg.<\/td>\n<\/tr>\n<\/tbody>\n<\/table>\n<\/td>\n<\/tr>\n<\/tbody>\n<\/table>\n<table class=\"description__box--wildSand\">\n<tbody>\n<tr>\n<td class=\"description__information-left\">Dimens\u00f5es do produto<\/td>\n<td class=\"description__information-right\">\n<table class=\"description__box\">\n<tbody>\n<tr>\n<td class=\"description__information-box-left\"><i class=\"icon-width description__icon-dimensions\"><\/i>\u00a0Largura<\/td>\n<td class=\"description__information-box-right\">15 cm.<\/td>\n<\/tr>\n<\/tbody>\n<\/table>\n<table class=\"description__box\">\n<tbody>\n<tr>\n<td class=\"description__information-box-left\"><i class=\"icon-height description__icon-dimensions\"><\/i>\u00a0Altura<\/td>\n<td class=\"description__information-box-right\">41 cm.<\/td>\n<\/tr>\n<\/tbody>\n<\/table>\n<table class=\"description__box\">\n<tbody>\n<tr>\n<td class=\"description__information-box-left\"><i class=\"icon-depth description__icon-dimensions\"><\/i>\u00a0Profundidade<\/td>\n<td class=\"description__information-box-right\">25 cm.<\/td>\n<\/tr>\n<\/tbody>\n<\/table>\n<\/td>\n<\/tr>\n<\/tbody>\n<\/table>\n<table class=\"description__box\">\n<tbody>\n<tr>\n<td class=\"description__information-left\">Dimens\u00f5es da embalagem<\/td>\n<td class=\"description__information-right\">\n<table class=\"description__box\">\n<tbody>\n<tr>\n<td class=\"description__information-box-left\"><i class=\"icon-width description__icon-dimensions\"><\/i>\u00a0Largura<\/td>\n<td class=\"description__information-box-right\">33 cm.<\/td>\n<\/tr>\n<\/tbody>\n<\/table>\n<table class=\"description__box\">\n<tbody>\n<tr>\n<td class=\"description__information-box-left\"><i class=\"icon-height description__icon-dimensions\"><\/i>\u00a0Altura<\/td>\n<td class=\"description__information-box-right\">25 cm.<\/td>\n<\/tr>\n<\/tbody>\n<\/table>\n<table class=\"description__box\">\n<tbody>\n<tr>\n<td class=\"description__information-box-left\"><i class=\"icon-depth description__icon-dimensions\"><\/i>\u00a0Profundidade<\/td>\n<td class=\"description__information-box-right\">50 cm.<\/td>\n<\/tr>\n<\/tbody>\n<\/table>\n<\/td>\n<\/tr>\n<\/tbody>\n<\/table>\n<table class=\"description__box--wildSand\">\n<tbody>\n<tr>\n<td class=\"description__information-left\">Garantia<\/td>\n<td class=\"description__information-right\">\n<table class=\"description__box\">\n<tbody>\n<tr>\n<td class=\"description__information-box-left\">Prazo<\/td>\n<td class=\"description__information-box-right\">01 ano (3 meses de garantia legal e mais 9 meses de garantia especial concedida pelo fabricante).<\/td>\n<\/tr>\n<\/tbody>\n<\/table>\n<\/td>\n<\/tr>\n<\/tbody>\n<\/table>\n<table class=\"description__box\">\n<tbody>\n<tr>\n<td class=\"description__information-left\">SAC do fornecedor (E-mail)<\/td>\n<td class=\"description__information-right\">sac@lorenzetti.com.br<\/td>\n<\/tr>\n<\/tbody>\n<\/table>\n<table class=\"description__box--wildSand\">\n<tbody>\n<tr>\n<td class=\"description__information-left\">Itens inclusos<\/td>\n<td class=\"description__information-right\">&#8211; 01 Ducha<br \/>\n&#8211; 01 Mangueira<br \/>\n&#8211; 01 Ducha manual<br \/>\n&#8211; Garantia.<\/td>\n<\/tr>\n<\/tbody>\n<\/table>\n","protected":false},"featured_media":4060,"comment_status":"open","ping_status":"closed","template":"","meta":{"om_disable_all_campaigns":false},"product_cat":[42],"product_tag":[],"class_list":{"0":"post-4059","1":"product","2":"type-product","3":"status-publish","4":"has-post-thumbnail","6":"product_cat-materiais-hidraulicos","8":"first","9":"instock","10":"shipping-taxable","11":"product-type-simple"},"_links":{"self":[{"href":"https:\/\/eletrorodney.com.br\/site\/wp-json\/wp\/v2\/product\/4059"}],"collection":[{"href":"https:\/\/eletrorodney.com.br\/site\/wp-json\/wp\/v2\/product"}],"about":[{"href":"https:\/\/eletrorodney.com.br\/site\/wp-json\/wp\/v2\/types\/product"}],"replies":[{"embeddable":true,"href":"https:\/\/eletrorodney.com.br\/site\/wp-json\/wp\/v2\/comments?post=4059"}],"wp:featuredmedia":[{"embeddable":true,"href":"https:\/\/eletrorodney.com.br\/site\/wp-json\/wp\/v2\/media\/4060"}],"wp:attachment":[{"href":"https:\/\/eletrorodney.com.br\/site\/wp-json\/wp\/v2\/media?parent=4059"}],"wp:term":[{"taxonomy":"product_cat","embeddable":true,"href":"https:\/\/eletrorodney.com.br\/site\/wp-json\/wp\/v2\/product_cat?post=4059"},{"taxonomy":"product_tag","embeddable":true,"href":"https:\/\/eletrorodney.com.br\/site\/wp-json\/wp\/v2\/product_tag?post=4059"}],"curies":[{"name":"wp","href":"https:\/\/api.w.org\/{rel}","templated":true}]}}