{"id":4063,"date":"2017-09-21T19:59:43","date_gmt":"2017-09-21T19:59:43","guid":{"rendered":"http:\/\/eletrorodney.com.br\/site\/?post_type=product&#038;p=4063"},"modified":"2025-03-12T23:42:45","modified_gmt":"2025-03-13T02:42:45","slug":"caixa-d-agua-em-polietileno-com-tampa-1-000-litros","status":"publish","type":"product","link":"https:\/\/eletrorodney.com.br\/site\/produto\/caixa-d-agua-em-polietileno-com-tampa-1-000-litros\/","title":{"rendered":"Caixa D&#8217; \u00c1gua em Polietileno com Tampa 1.000 Litros"},"content":{"rendered":"<div class=\"row\">\n<div class=\"col-sm-12 col-md-12 col-lg-12\">\n<h2>Caixa D&#8217; \u00c1gua em Polietileno com Tampa 1.000 Litros<\/h2>\n<\/div>\n<\/div>\n<div class=\"row\">\n<div class=\"col-sm-12 col-md-12 col-lg-12 product-detail-description \">\n<div class=\"\">\n<div class=\"panel\">\n<div id=\"productDetailDescriptionTab\" class=\"panel-heading\" role=\"tab\"><\/div>\n<h4 class=\"hidden-mobile\">Descri\u00e7\u00e3o do produto:<\/h4>\n<div id=\"productDetailDescriptionCollapsed\" class=\"panel-collapse \" role=\"tabpanel\" aria-labelledby=\"productDetailDescriptionTab\">\n<div class=\"panel-body\">\n<p class=\"corpo-txt\">A caixa d&#8217;\u00e1gua de polietileno da FORTLEV \u00e9 uma excelente escolha de reservat\u00f3rio para armazenagem de \u00e1gua limpa e fresca. Produzida em<span class=\"apple-converted-space\">\u00a0<\/span><b>material\u00a0resistente<\/b>, protege o volume de fatores externos como o calor e a contamina\u00e7\u00e3o.<\/p>\n<p class=\"corpo-txt\">N\u00e3o utiliza parafusos ou amarras no fechamento de sua tampa, mas sim um\u00a0moderno e<span class=\"apple-converted-space\">\u00a0<\/span><b>exclusivo sistema de travas<\/b>, que garante uma veda\u00e7\u00e3o pr\u00e1tica e confi\u00e1vel, e mant\u00e9m a conserva\u00e7\u00e3o da \u00e1gua em condi\u00e7\u00f5es de limpeza e temperatura agrad\u00e1veis. Suas paredes lisas e sem porosidade facilitam a limpeza peri\u00f3dica, al\u00e9m de evitar a prolifera\u00e7\u00e3o de microrganismos.<br \/>\n<strong><\/p>\n<p>Sistema pr\u00e1tico e seguro<\/p>\n<p><\/strong><\/p>\n<p>Para manter a \u00e1gua armazenada em temperatura ambiente, as caixas d\u2019\u00e1gua de polietileno da FORTLEV possuem um avan\u00e7ado e seguro sistema de encaixe de tampa. Este sistema dispensa o uso de parafusos ou amarras e garante que o reservat\u00f3rio seja facilmente fechado, mantendo o l\u00edquido protegido de bact\u00e9rias e microrganismos. A<span class=\"apple-converted-space\">\u00a0<\/span><b>prote\u00e7\u00e3o ultravioleta<\/b><span class=\"apple-converted-space\">\u00a0<\/span>oferecida pela caixa mant\u00e9m a \u00e1gua abrigada dos raios solares e do calor.<\/p>\n<p>Seu design possibilita que seja colocada em ambientes com espa\u00e7o reduzido, inclusive em locais com telhados baixos, se necess\u00e1rio. A FORTLEV apresenta em seu portf\u00f3lio uma variada gama de caixas-d&#8217;\u00e1gua, cujos volumes variam de 100 a 5.000 litros. A caixa d&#8217;\u00e1gua em quest\u00e3o, com<span class=\"apple-converted-space\">\u00a0<\/span><a href=\"http:\/\/www.cec.com.br\/material-hidraulico\/caixas-d-agua\/caixa-d-agua\/1-000-litros\/\">capacidade para 1.000 litros<\/a>, \u00e9 recomendada para fam\u00edlias com at\u00e9 quatro integrantes. A manuten\u00e7\u00e3o e limpeza do reservat\u00f3rio s\u00e3o simples, gra\u00e7as a suas paredes lisas e sem porosidade.<\/p>\n<p>O produto apresenta<span class=\"apple-converted-space\">\u00a0<\/span><b>cinco anos de garantia<\/b>, sendo que em caso de defeitos de fabrica\u00e7\u00e3o \u00e9 substitu\u00eddo por outro sem custos ao cliente. Ideal para ser utilizado em resid\u00eancias, restaurantes, escolas e outros locais em que suas op\u00e7\u00f5es de tamanho atendam \u00e0s prefer\u00eancias do consumidor.<\/p>\n<p><strong><br \/>\nPara uma caixa d&#8217;\u00e1gua sempre limpa<br \/>\n<\/strong><\/p>\n<p>Para abrigar um elemento t\u00e3o valioso como a \u00e1gua, o reservat\u00f3rio deve estar sempre higienizado, evitando a prolifera\u00e7\u00e3o de bact\u00e9rias e microrganismos nocivos ao corpo humano. Algumas caixas d&#8217;\u00e1gua tornam esta uma tarefa trabalhosa e complicada. N\u00e3o \u00e9 o caso da caixa d&#8217;\u00e1gua da FORTLEV. Ela foi desenvolvida em material e design que permitam uma f\u00e1cil e eficaz limpeza. Al\u00e9m disso, o acabamento liso das paredes impede que a sujeira se acumule nos cantos.\u00a0Realize a limpeza do reservat\u00f3rio periodicamente (recomenda\u00e7\u00e3o: a cada 06 meses). Evite o uso de produtos abrasivos ou qu\u00edmicos, para assim preservar a cobertura lisa das paredes. Realize a higieniza\u00e7\u00e3o utilizando apenas uma esponja, sab\u00e3o neutro e \u00e1gua limpa.<\/p>\n<p><strong><br \/>\nDicas de instala\u00e7\u00e3o<\/strong><\/p>\n<p>Para come\u00e7ar, escolha o local adequado para instalar sua caixa d&#8217;\u00e1gua. \u00c9 recomendado que o local escolhido seja de f\u00e1cil acesso, para dias de limpeza e de manuten\u00e7\u00e3o. O lugar deve ser ventilado, para que a umidade do ar n\u00e3o condense nas paredes da caixa. Decidido o lugar, transporte a caixa d&#8217;\u00e1gua com cuidado: evite quedas e n\u00e3o arraste o produto. Antes de come\u00e7ar a utiliz\u00e1-la \u00e9 preciso assegurar-se de que ela est\u00e1 limpa e pronta para receber e reservar a \u00e1gua. Para isso, realize a primeira limpeza de seu reservat\u00f3rio antes da instala\u00e7\u00e3o.Certifique-se de que sua caixa d&#8217;\u00e1gua est\u00e1 em uma<span class=\"apple-converted-space\">\u00a0<\/span><b>superf\u00edcie plana, r\u00edgida e nivelada<\/b>. Aten\u00e7\u00e3o para o peso da caixa cheia: o local em que ela for colocada deve suportar o peso m\u00e1ximo indicado. N\u00e3o deve haver pedras ou detritos no local, pois isso pode danificar a caixa d&#8217;\u00e1gua. Veja mais dicas e instru\u00e7\u00f5es de instala\u00e7\u00e3o no<span class=\"apple-converted-space\">\u00a0<\/span><a href=\"http:\/\/www.fortlev.com.br\/externos\/produto\/catalogo\/CX.%20POLIETILENO%2018.12.12.pdf\">manual\u00a0da FORTLEV<\/a>.<\/p>\n<p><strong>\u00c1gua bem conservada, \u00e1gua pr\u00f3pria para fam\u00edlia<br \/>\n<\/strong><\/p>\n<p>Garanta que a \u00e1gua que chega \u00e0 sua casa esteja livre de impurezas provenientes de uma caixa d&#8217;\u00e1gua inadequada ou suja. Adquirir a caixa d&#8217;\u00e1gua de polietileno da FORTLEV \u00e9 o primeiro passo para melhorar a qualidade da \u00e1gua que sua fam\u00edlia utiliza diariamente. Fazemos uso da \u00e1gua quando tomamos banho, ao esquentar alimentos, lavar a lou\u00e7a, executar tarefas dom\u00e9sticas, escovar os dentes, lavar alimentos, entre outros momentos do cotidiano. Manter o reservat\u00f3rio de \u00e1gua de sua resid\u00eancia limpo significa evitar que bact\u00e9rias ou microrganismos estejam em contato direto com o seu corpo e comprometam sua sa\u00fade.<\/p>\n<p><strong><br \/>\nL\u00edder nacional no segmento de armazenamento de \u00e1gua<br \/>\n<\/strong><\/p>\n<p>Com f\u00e1brica em quatro Estado do Brasil (Santa Catarina, Esp\u00edrito Santo, Bahia e S\u00e3o Paulo) a FORTLEV \u00e9 refer\u00eancia quando o assunto \u00e9 reservat\u00f3rios de \u00e1gua. Seus produtos s\u00e3o fabricados em polietileno, fibra de vidro e PVC buscando oferecer mercadorias de qualidade para cuidados com a \u00e1gua, com o meio ambiente, solu\u00e7\u00f5es para instala\u00e7\u00f5es prediais, para engenharia e outros. Al\u00e9m do Brasil, a FORTLEV comercializa seus produtos em outros pa\u00edses, atendendo a padr\u00f5es internacionais de qualidade.<span class=\"apple-converted-space\">\u00a0<\/span><a href=\"http:\/\/www.cec.com.br\/material-hidraulico\/caixas-d-agua\">Qualidade em caixas d&#8217;\u00e1gua<\/a><span class=\"apple-converted-space\">\u00a0<\/span>\u00e9 FORTLEV!<\/div>\n<\/div>\n<\/div>\n<\/div>\n<\/div>\n<\/div>\n","protected":false},"excerpt":{"rendered":"<div class=\"row\">\n<div class=\"col-sm-12 col-md-12 col-lg-12\">\n<h2>Caixa D&#8217; \u00c1gua em Polietileno com Tampa 1.000 Litros<\/h2>\n<\/div>\n<\/div>\n<div class=\"row\">\n<div class=\"col-sm-12 col-md-12 col-lg-12 product-detail-description \">\n<div class=\"\">\n<div class=\"panel\">\n<div id=\"productDetailDescriptionTab\" class=\"panel-heading\" role=\"tab\"><\/div>\n<h4 class=\"hidden-mobile\">Descri\u00e7\u00e3o do produto:<\/h4>\n<div id=\"productDetailDescriptionCollapsed\" class=\"panel-collapse \" role=\"tabpanel\" aria-labelledby=\"productDetailDescriptionTab\">\n<div class=\"panel-body\">\n<p class=\"corpo-txt\">A caixa d&#8217;\u00e1gua de polietileno da FORTLEV \u00e9 uma excelente escolha de reservat\u00f3rio para armazenagem de \u00e1gua limpa e fresca. Produzida em<span class=\"apple-converted-space\">\u00a0<\/span><b>material\u00a0resistente<\/b>, protege o volume de fatores externos como o calor e a contamina\u00e7\u00e3o.<\/p>\n<p class=\"corpo-txt\">N\u00e3o utiliza parafusos ou amarras no fechamento de sua tampa, mas sim um\u00a0moderno e<span class=\"apple-converted-space\">\u00a0<\/span><b>exclusivo sistema de travas<\/b>, que garante uma veda\u00e7\u00e3o pr\u00e1tica e confi\u00e1vel, e mant\u00e9m a conserva\u00e7\u00e3o da \u00e1gua em condi\u00e7\u00f5es de limpeza e temperatura agrad\u00e1veis. Suas paredes lisas e sem porosidade facilitam a limpeza peri\u00f3dica, al\u00e9m de evitar a prolifera\u00e7\u00e3o de microrganismos.<br \/>\n<strong><\/p>\n<p>Sistema pr\u00e1tico e seguro<\/p>\n<p><\/strong><\/p>\n<p>Para manter a \u00e1gua armazenada em temperatura ambiente, as caixas d\u2019\u00e1gua de polietileno da FORTLEV possuem um avan\u00e7ado e seguro sistema de encaixe de tampa. Este sistema dispensa o uso de parafusos ou amarras e garante que o reservat\u00f3rio seja facilmente fechado, mantendo o l\u00edquido protegido de bact\u00e9rias e microrganismos. A<span class=\"apple-converted-space\">\u00a0<\/span><b>prote\u00e7\u00e3o ultravioleta<\/b><span class=\"apple-converted-space\">\u00a0<\/span>oferecida pela caixa mant\u00e9m a \u00e1gua abrigada dos raios solares e do calor.<\/p>\n<p>Seu design possibilita que seja colocada em ambientes com espa\u00e7o reduzido, inclusive em locais com telhados baixos, se necess\u00e1rio. A FORTLEV apresenta em seu portf\u00f3lio uma variada gama de caixas-d&#8217;\u00e1gua, cujos volumes variam de 100 a 5.000 litros. A caixa d&#8217;\u00e1gua em quest\u00e3o, com<span class=\"apple-converted-space\">\u00a0<\/span><a href=\"http:\/\/www.cec.com.br\/material-hidraulico\/caixas-d-agua\/caixa-d-agua\/1-000-litros\/\">capacidade para 1.000 litros<\/a>, \u00e9 recomendada para fam\u00edlias com at\u00e9 quatro integrantes. A manuten\u00e7\u00e3o e limpeza do reservat\u00f3rio s\u00e3o simples, gra\u00e7as a suas paredes lisas e sem porosidade.<\/p>\n<p>O produto apresenta<span class=\"apple-converted-space\">\u00a0<\/span><b>cinco anos de garantia<\/b>, sendo que em caso de defeitos de fabrica\u00e7\u00e3o \u00e9 substitu\u00eddo por outro sem custos ao cliente. Ideal para ser utilizado em resid\u00eancias, restaurantes, escolas e outros locais em que suas op\u00e7\u00f5es de tamanho atendam \u00e0s prefer\u00eancias do consumidor.<\/p>\n<p><strong><br \/>\nPara uma caixa d&#8217;\u00e1gua sempre limpa<br \/>\n<\/strong><\/p>\n<p>Para abrigar um elemento t\u00e3o valioso como a \u00e1gua, o reservat\u00f3rio deve estar sempre higienizado, evitando a prolifera\u00e7\u00e3o de bact\u00e9rias e microrganismos nocivos ao corpo humano. Algumas caixas d&#8217;\u00e1gua tornam esta uma tarefa trabalhosa e complicada. N\u00e3o \u00e9 o caso da caixa d&#8217;\u00e1gua da FORTLEV. Ela foi desenvolvida em material e design que permitam uma f\u00e1cil e eficaz limpeza. Al\u00e9m disso, o acabamento liso das paredes impede que a sujeira se acumule nos cantos.\u00a0Realize a limpeza do reservat\u00f3rio periodicamente (recomenda\u00e7\u00e3o: a cada 06 meses). Evite o uso de produtos abrasivos ou qu\u00edmicos, para assim preservar a cobertura lisa das paredes. Realize a higieniza\u00e7\u00e3o utilizando apenas uma esponja, sab\u00e3o neutro e \u00e1gua limpa.<\/p>\n<p><strong><br \/>\nDicas de instala\u00e7\u00e3o<\/strong><\/p>\n<p>Para come\u00e7ar, escolha o local adequado para instalar sua caixa d&#8217;\u00e1gua. \u00c9 recomendado que o local escolhido seja de f\u00e1cil acesso, para dias de limpeza e de manuten\u00e7\u00e3o. O lugar deve ser ventilado, para que a umidade do ar n\u00e3o condense nas paredes da caixa. Decidido o lugar, transporte a caixa d&#8217;\u00e1gua com cuidado: evite quedas e n\u00e3o arraste o produto. Antes de come\u00e7ar a utiliz\u00e1-la \u00e9 preciso assegurar-se de que ela est\u00e1 limpa e pronta para receber e reservar a \u00e1gua. Para isso, realize a primeira limpeza de seu reservat\u00f3rio antes da instala\u00e7\u00e3o.Certifique-se de que sua caixa d&#8217;\u00e1gua est\u00e1 em uma<span class=\"apple-converted-space\">\u00a0<\/span><b>superf\u00edcie plana, r\u00edgida e nivelada<\/b>. Aten\u00e7\u00e3o para o peso da caixa cheia: o local em que ela for colocada deve suportar o peso m\u00e1ximo indicado. N\u00e3o deve haver pedras ou detritos no local, pois isso pode danificar a caixa d&#8217;\u00e1gua. Veja mais dicas e instru\u00e7\u00f5es de instala\u00e7\u00e3o no<span class=\"apple-converted-space\">\u00a0<\/span><a href=\"http:\/\/www.fortlev.com.br\/externos\/produto\/catalogo\/CX.%20POLIETILENO%2018.12.12.pdf\">manual\u00a0da FORTLEV<\/a>.<\/p>\n<p><strong>\u00c1gua bem conservada, \u00e1gua pr\u00f3pria para fam\u00edlia<br \/>\n<\/strong><\/p>\n<p>Garanta que a \u00e1gua que chega \u00e0 sua casa esteja livre de impurezas provenientes de uma caixa d&#8217;\u00e1gua inadequada ou suja. Adquirir a caixa d&#8217;\u00e1gua de polietileno da FORTLEV \u00e9 o primeiro passo para melhorar a qualidade da \u00e1gua que sua fam\u00edlia utiliza diariamente. Fazemos uso da \u00e1gua quando tomamos banho, ao esquentar alimentos, lavar a lou\u00e7a, executar tarefas dom\u00e9sticas, escovar os dentes, lavar alimentos, entre outros momentos do cotidiano. Manter o reservat\u00f3rio de \u00e1gua de sua resid\u00eancia limpo significa evitar que bact\u00e9rias ou microrganismos estejam em contato direto com o seu corpo e comprometam sua sa\u00fade.<\/p>\n<p><strong><br \/>\nL\u00edder nacional no segmento de armazenamento de \u00e1gua<br \/>\n<\/strong><\/p>\n<p>Com f\u00e1brica em quatro Estado do Brasil (Santa Catarina, Esp\u00edrito Santo, Bahia e S\u00e3o Paulo) a FORTLEV \u00e9 refer\u00eancia quando o assunto \u00e9 reservat\u00f3rios de \u00e1gua. Seus produtos s\u00e3o fabricados em polietileno, fibra de vidro e PVC buscando oferecer mercadorias de qualidade para cuidados com a \u00e1gua, com o meio ambiente, solu\u00e7\u00f5es para instala\u00e7\u00f5es prediais, para engenharia e outros. Al\u00e9m do Brasil, a FORTLEV comercializa seus produtos em outros pa\u00edses, atendendo a padr\u00f5es internacionais de qualidade.<span class=\"apple-converted-space\">\u00a0<\/span><a href=\"http:\/\/www.cec.com.br\/material-hidraulico\/caixas-d-agua\">Qualidade em caixas d&#8217;\u00e1gua<\/a><span class=\"apple-converted-space\">\u00a0<\/span>\u00e9 FORTLEV!<\/div>\n<\/div>\n<\/div>\n<\/div>\n<\/div>\n<\/div>\n","protected":false},"featured_media":4064,"comment_status":"open","ping_status":"closed","template":"","meta":{"om_disable_all_campaigns":false},"product_cat":[42],"product_tag":[],"class_list":{"0":"post-4063","1":"product","2":"type-product","3":"status-publish","4":"has-post-thumbnail","6":"product_cat-materiais-hidraulicos","8":"first","9":"instock","10":"shipping-taxable","11":"product-type-simple"},"_links":{"self":[{"href":"https:\/\/eletrorodney.com.br\/site\/wp-json\/wp\/v2\/product\/4063"}],"collection":[{"href":"https:\/\/eletrorodney.com.br\/site\/wp-json\/wp\/v2\/product"}],"about":[{"href":"https:\/\/eletrorodney.com.br\/site\/wp-json\/wp\/v2\/types\/product"}],"replies":[{"embeddable":true,"href":"https:\/\/eletrorodney.com.br\/site\/wp-json\/wp\/v2\/comments?post=4063"}],"wp:featuredmedia":[{"embeddable":true,"href":"https:\/\/eletrorodney.com.br\/site\/wp-json\/wp\/v2\/media\/4064"}],"wp:attachment":[{"href":"https:\/\/eletrorodney.com.br\/site\/wp-json\/wp\/v2\/media?parent=4063"}],"wp:term":[{"taxonomy":"product_cat","embeddable":true,"href":"https:\/\/eletrorodney.com.br\/site\/wp-json\/wp\/v2\/product_cat?post=4063"},{"taxonomy":"product_tag","embeddable":true,"href":"https:\/\/eletrorodney.com.br\/site\/wp-json\/wp\/v2\/product_tag?post=4063"}],"curies":[{"name":"wp","href":"https:\/\/api.w.org\/{rel}","templated":true}]}}