{"id":4065,"date":"2017-09-21T20:04:50","date_gmt":"2017-09-21T20:04:50","guid":{"rendered":"http:\/\/eletrorodney.com.br\/site\/?post_type=product&#038;p=4065"},"modified":"2017-09-21T20:04:51","modified_gmt":"2017-09-21T20:04:51","slug":"ducha-higienica-com-registro-luxo-cromada","status":"publish","type":"product","link":"https:\/\/eletrorodney.com.br\/site\/produto\/ducha-higienica-com-registro-luxo-cromada\/","title":{"rendered":"Ducha Higi\u00eanica com Registro Luxo Cromada"},"content":{"rendered":"<div class=\"col-sm-12 col-md-12 col-lg-12 product-detail-description \">\n<div class=\"\">\n<div class=\"panel\">\n<h4 class=\"hidden-mobile\">Descri\u00e7\u00e3o do produto:<\/h4>\n<div id=\"productDetailDescriptionCollapsed\" class=\"panel-collapse \" role=\"tabpanel\" aria-labelledby=\"productDetailDescriptionTab\">\n<div class=\"panel-body\">\n<div><span style=\"font-family: Verdana; font-size: small;\">Produto completo! A Ducha Higi\u00eanica com Registro Luxo Cromada da Censi est\u00e1 dispon\u00edvel no acabamento cromado, seu registro possui mecanismo de fechamento 1\/4 de volta e engate flex\u00edvel com mangueira interna em PEX-B, material ecologicamente correto, sem aditivos t\u00f3xicos e livre de cheiro.<\/p>\n<p>Ducha produzida em pl\u00e1stico de engenharia (ABS) e a\u00e7o inox, registro e canopla produzidos em pl\u00e1stico de engenharia (ABS). O engate flex\u00edvel conta com um espiral de a\u00e7o inox polido, porca sextavada em lat\u00e3o e terminal c\u00f4nico em ABS.\u00a0<\/span><\/div>\n<\/div>\n<\/div>\n<\/div>\n<\/div>\n<\/div>\n<div class=\"col-xs-12 col-sm-12 col-md-12 col-lg-12\">\n<article class=\"ProductAttributes \">\n<div class=\"panel\">\n<h4 class=\"hidden-mobile\">Ficha T\u00e9cnica:<\/h4>\n<div id=\"productAttributesCollapsed\" class=\"panel-collapse \" role=\"tabpanel\" aria-labelledby=\"productAttributesTab\">\n<div class=\"panel-body\">\n<div class=\"tech-specs\">\n<table class=\"table table-striped table-width-fifty\">\n<tbody>\n<tr>\n<td><strong>Cor:<\/strong><\/td>\n<td>Cromado<\/td>\n<\/tr>\n<tr>\n<td><strong>Garantia (m\u00eas):<\/strong><\/td>\n<td>12<\/td>\n<\/tr>\n<tr>\n<td><strong>Peso Aproximado do Produto com embalagem (kg):<\/strong><\/td>\n<td>0,34<\/td>\n<\/tr>\n<tr>\n<td><strong>Produto:<\/strong><\/td>\n<td>Kit Ducha Higi\u00eanica Luxo Cromada com Registro ABS e Engate de A\u00e7o Inox<\/td>\n<\/tr>\n<tr>\n<td><strong>Conte\u00fado da Embalagem:<\/strong><\/td>\n<td>1 Kit Ducha composto por Gatilho, Engate Flex\u00edvel e Registro<\/td>\n<\/tr>\n<tr>\n<td><strong>Dimens\u00f5es Aproximadas do Produto com Embalagem (cm) &#8211; AxLxP:<\/strong><\/td>\n<td>31,5 x 21,5 x 5,5<\/td>\n<\/tr>\n<tr>\n<td><strong>Linha:<\/strong><\/td>\n<td>Luxo<\/td>\n<\/tr>\n<tr>\n<td><strong>Material:<\/strong><\/td>\n<td>Ducha produzida em pl\u00e1stico de engenharia (ABS) e a\u00e7o inox; Registro e Canopla produzido em pl\u00e1stico de engenharia (ABS);<\/td>\n<\/tr>\n<tr>\n<td><strong>Informa\u00e7\u00f5es Adicionais:<\/strong><\/td>\n<td>Mecanismo de fechamento 1\/4 de volta;<\/td>\n<\/tr>\n<tr>\n<td><strong>Marca:<\/strong><\/td>\n<td>Censi<\/td>\n<\/tr>\n<tr>\n<td><strong>Peso (kg):<\/strong><\/td>\n<td>0,334<\/td>\n<\/tr>\n<tr>\n<td><strong>Refer\u00eancia do Produto no Fornecedor:<\/strong><\/td>\n<td>7553<\/td>\n<\/tr>\n<tr>\n<td><strong>Acabamento:<\/strong><\/td>\n<td>Luxo Cromado<\/td>\n<\/tr>\n<tr>\n<td><strong>Altura (cm):<\/strong><\/td>\n<td>31,5<\/td>\n<\/tr>\n<tr>\n<td><strong>Profundidade (cm):<\/strong><\/td>\n<td>5,5<\/td>\n<\/tr>\n<tr>\n<td><strong>Largura (cm):<\/strong><\/td>\n<td>21,5<\/td>\n<\/tr>\n<tr>\n<td><\/td>\n<td><\/td>\n<\/tr>\n<tr>\n<td><strong>Material da Mangueira:<\/strong><\/td>\n<td>Espiral de a\u00e7o inox polido, Mangueira interna em PEX-B<\/td>\n<\/tr>\n<tr>\n<td><strong>Comprimento da Mangueira (cm):<\/strong><\/td>\n<td>120<\/td>\n<\/tr>\n<tr>\n<td><strong>Cor da Mangueira:<\/strong><\/td>\n<td>Inox Polido<\/td>\n<\/tr>\n<\/tbody>\n<\/table>\n<\/div>\n<\/div>\n<\/div>\n<\/div>\n<\/article>\n<\/div>\n","protected":false},"excerpt":{"rendered":"<div class=\"col-sm-12 col-md-12 col-lg-12 product-detail-description \">\n<div class=\"\">\n<div class=\"panel\">\n<h4 class=\"hidden-mobile\">Descri\u00e7\u00e3o do produto:<\/h4>\n<div id=\"productDetailDescriptionCollapsed\" class=\"panel-collapse \" role=\"tabpanel\" aria-labelledby=\"productDetailDescriptionTab\">\n<div class=\"panel-body\">\n<div>Produto completo! A Ducha Higi\u00eanica com Registro Luxo Cromada da Censi est\u00e1 dispon\u00edvel no acabamento cromado, seu registro possui mecanismo de fechamento 1\/4 de volta e engate flex\u00edvel com mangueira interna em PEX-B, material ecologicamente correto, sem aditivos t\u00f3xicos e livre de cheiro.<\/p>\n<p>Ducha produzida em pl\u00e1stico de engenharia (ABS) e a\u00e7o inox, registro e canopla produzidos em pl\u00e1stico de engenharia (ABS). O engate flex\u00edvel conta com um espiral de a\u00e7o inox polido, porca sextavada em lat\u00e3o e terminal c\u00f4nico em ABS.<\/p><\/div>\n<\/div>\n<\/div>\n<\/div>\n<\/div>\n<\/div>\n<div class=\"col-xs-12 col-sm-12 col-md-12 col-lg-12\">\n<article class=\"ProductAttributes \">\n<div class=\"panel\">\n<h4 class=\"hidden-mobile\">Ficha T\u00e9cnica:<\/h4>\n<div id=\"productAttributesCollapsed\" class=\"panel-collapse \" role=\"tabpanel\" aria-labelledby=\"productAttributesTab\">\n<div class=\"panel-body\">\n<div class=\"tech-specs\">\n<table class=\"table table-striped table-width-fifty\">\n<tbody>\n<tr>\n<td><strong>Cor:<\/strong><\/td>\n<td>Cromado<\/td>\n<\/tr>\n<tr>\n<td><strong>Garantia (m\u00eas):<\/strong><\/td>\n<td>12<\/td>\n<\/tr>\n<tr>\n<td><strong>Peso Aproximado do Produto com embalagem (kg):<\/strong><\/td>\n<td>0,34<\/td>\n<\/tr>\n<tr>\n<td><strong>Produto:<\/strong><\/td>\n<td>Kit Ducha Higi\u00eanica Luxo Cromada com Registro ABS e Engate de A\u00e7o Inox<\/td>\n<\/tr>\n<tr>\n<td><strong>Conte\u00fado da Embalagem:<\/strong><\/td>\n<td>1 Kit Ducha composto por Gatilho, Engate Flex\u00edvel e Registro<\/td>\n<\/tr>\n<tr>\n<td><strong>Dimens\u00f5es Aproximadas do Produto com Embalagem (cm) &#8211; AxLxP:<\/strong><\/td>\n<td>31,5 x 21,5 x 5,5<\/td>\n<\/tr>\n<tr>\n<td><strong>Linha:<\/strong><\/td>\n<td>Luxo<\/td>\n<\/tr>\n<tr>\n<td><strong>Material:<\/strong><\/td>\n<td>Ducha produzida em pl\u00e1stico de engenharia (ABS) e a\u00e7o inox; Registro e Canopla produzido em pl\u00e1stico de engenharia (ABS);<\/td>\n<\/tr>\n<tr>\n<td><strong>Informa\u00e7\u00f5es Adicionais:<\/strong><\/td>\n<td>Mecanismo de fechamento 1\/4 de volta;<\/td>\n<\/tr>\n<tr>\n<td><strong>Marca:<\/strong><\/td>\n<td>Censi<\/td>\n<\/tr>\n<tr>\n<td><strong>Peso (kg):<\/strong><\/td>\n<td>0,334<\/td>\n<\/tr>\n<tr>\n<td><strong>Refer\u00eancia do Produto no Fornecedor:<\/strong><\/td>\n<td>7553<\/td>\n<\/tr>\n<tr>\n<td><strong>Acabamento:<\/strong><\/td>\n<td>Luxo Cromado<\/td>\n<\/tr>\n<tr>\n<td><strong>Altura (cm):<\/strong><\/td>\n<td>31,5<\/td>\n<\/tr>\n<tr>\n<td><strong>Profundidade (cm):<\/strong><\/td>\n<td>5,5<\/td>\n<\/tr>\n<tr>\n<td><strong>Largura (cm):<\/strong><\/td>\n<td>21,5<\/td>\n<\/tr>\n<tr>\n<td><\/td>\n<td><\/td>\n<\/tr>\n<tr>\n<td><strong>Material da Mangueira:<\/strong><\/td>\n<td>Espiral de a\u00e7o inox polido, Mangueira interna em PEX-B<\/td>\n<\/tr>\n<tr>\n<td><strong>Comprimento da Mangueira (cm):<\/strong><\/td>\n<td>120<\/td>\n<\/tr>\n<tr>\n<td><strong>Cor da Mangueira:<\/strong><\/td>\n<td>Inox Polido<\/td>\n<\/tr>\n<\/tbody>\n<\/table>\n<\/div>\n<\/div>\n<\/div>\n<\/div>\n<\/article>\n<\/div>\n","protected":false},"featured_media":4066,"comment_status":"open","ping_status":"closed","template":"","meta":{"om_disable_all_campaigns":false},"product_cat":[42],"product_tag":[],"class_list":{"0":"post-4065","1":"product","2":"type-product","3":"status-publish","4":"has-post-thumbnail","6":"product_cat-materiais-hidraulicos","8":"first","9":"instock","10":"shipping-taxable","11":"product-type-simple"},"_links":{"self":[{"href":"https:\/\/eletrorodney.com.br\/site\/wp-json\/wp\/v2\/product\/4065"}],"collection":[{"href":"https:\/\/eletrorodney.com.br\/site\/wp-json\/wp\/v2\/product"}],"about":[{"href":"https:\/\/eletrorodney.com.br\/site\/wp-json\/wp\/v2\/types\/product"}],"replies":[{"embeddable":true,"href":"https:\/\/eletrorodney.com.br\/site\/wp-json\/wp\/v2\/comments?post=4065"}],"wp:featuredmedia":[{"embeddable":true,"href":"https:\/\/eletrorodney.com.br\/site\/wp-json\/wp\/v2\/media\/4066"}],"wp:attachment":[{"href":"https:\/\/eletrorodney.com.br\/site\/wp-json\/wp\/v2\/media?parent=4065"}],"wp:term":[{"taxonomy":"product_cat","embeddable":true,"href":"https:\/\/eletrorodney.com.br\/site\/wp-json\/wp\/v2\/product_cat?post=4065"},{"taxonomy":"product_tag","embeddable":true,"href":"https:\/\/eletrorodney.com.br\/site\/wp-json\/wp\/v2\/product_tag?post=4065"}],"curies":[{"name":"wp","href":"https:\/\/api.w.org\/{rel}","templated":true}]}}